{"id":99,"date":"2018-05-31T13:56:58","date_gmt":"2018-05-31T11:56:58","guid":{"rendered":"http:\/\/vivacite.services.mairie-sotteville-les-rouen.fr\/?post_type=product&#038;p=99"},"modified":"2019-06-24T13:51:30","modified_gmt":"2019-06-24T11:51:30","slug":"lullaby","status":"publish","type":"product","link":"https:\/\/vivacite.services.mairie-sotteville-les-rouen.fr\/?product=lullaby","title":{"rendered":"Width"},"content":{"rendered":"<p>De situations cocasses en attitudes d\u00e9cal\u00e9es, WITH est une histoire d\u2019amiti\u00e9 qui met avant tout en mouvement au coeur d\u2019un dialogue fusionnel, le plaisir de danser \u00e0 deux. Un duo intense au rythme effr\u00e9n\u00e9 qui r\u00e9alise avec beaucoup d\u2019humour et dans une simplicit\u00e9 d\u00e9concertante, une performance physique survolt\u00e9e.<\/p>\n<p><strong>VENDREDI 20h40 en 22<\/strong><br \/>\n<strong>SAMEDI 14h &amp; 19h en 22<\/strong><br \/>\n<strong>DIMANCHE 14h &amp; 17h30 en 22<\/strong><\/p>\n","protected":false},"excerpt":{"rendered":"<p>L\u00c8VE UN PEU LES BRAS !<\/p>\n","protected":false},"featured_media":0,"template":"","meta":[],"_links":{"self":[{"href":"https:\/\/vivacite.services.mairie-sotteville-les-rouen.fr\/index.php?rest_route=\/wp\/v2\/product\/99"}],"collection":[{"href":"https:\/\/vivacite.services.mairie-sotteville-les-rouen.fr\/index.php?rest_route=\/wp\/v2\/product"}],"about":[{"href":"https:\/\/vivacite.services.mairie-sotteville-les-rouen.fr\/index.php?rest_route=\/wp\/v2\/types\/product"}],"wp:attachment":[{"href":"https:\/\/vivacite.services.mairie-sotteville-les-rouen.fr\/index.php?rest_route=%2Fwp%2Fv2%2Fmedia&parent=99"}],"curies":[{"name":"wp","href":"https:\/\/api.w.org\/{rel}","templated":true}]}}