{"id":97,"date":"2018-05-31T12:12:34","date_gmt":"2018-05-31T10:12:34","guid":{"rendered":"http:\/\/vivacite.services.mairie-sotteville-les-rouen.fr\/?post_type=product&#038;p=97"},"modified":"2019-06-27T18:53:29","modified_gmt":"2019-06-27T16:53:29","slug":"je-mappelle","status":"publish","type":"product","link":"https:\/\/vivacite.services.mairie-sotteville-les-rouen.fr\/?product=je-mappelle","title":{"rendered":"Consid\u00e9rations"},"content":{"rendered":"<p>Dans ConSid\u00e9rationS, il y a Elle et il y a Lui. Une parole simple pour continuer \u00e0 clamer avec douceur que prendre soin des femmes et de leur libert\u00e9, c\u2019est apaiser le coeur des hommes et imaginer pour nos enfants un monde plus humaniste.<br \/>\nRien de plus. Voici une tendre invitation \u00e0 soulever les jupes froiss\u00e9es de ces dames. Un p\u2019tit temps, ensemble, pour essayer de con prendre.<\/p>\n<p><strong>VENDREDI 20h30 en 16<br \/>\nSAMEDI 16h en 16<\/strong><br \/>\n<strong>DIMANCHE 15h45 en 16<\/strong><\/p>\n<p>&nbsp;<\/p>\n","protected":false},"excerpt":{"rendered":"<p>MADAME RITON<\/p>\n","protected":false},"featured_media":0,"template":"","meta":[],"_links":{"self":[{"href":"https:\/\/vivacite.services.mairie-sotteville-les-rouen.fr\/index.php?rest_route=\/wp\/v2\/product\/97"}],"collection":[{"href":"https:\/\/vivacite.services.mairie-sotteville-les-rouen.fr\/index.php?rest_route=\/wp\/v2\/product"}],"about":[{"href":"https:\/\/vivacite.services.mairie-sotteville-les-rouen.fr\/index.php?rest_route=\/wp\/v2\/types\/product"}],"wp:attachment":[{"href":"https:\/\/vivacite.services.mairie-sotteville-les-rouen.fr\/index.php?rest_route=%2Fwp%2Fv2%2Fmedia&parent=97"}],"curies":[{"name":"wp","href":"https:\/\/api.w.org\/{rel}","templated":true}]}}