{"id":95,"date":"2018-05-31T12:08:42","date_gmt":"2018-05-31T10:08:42","guid":{"rendered":"http:\/\/vivacite.services.mairie-sotteville-les-rouen.fr\/?post_type=product&#038;p=95"},"modified":"2019-06-24T13:55:07","modified_gmt":"2019-06-24T11:55:07","slug":"en-jacquaravane","status":"publish","type":"product","link":"https:\/\/vivacite.services.mairie-sotteville-les-rouen.fr\/?product=en-jacquaravane","title":{"rendered":"L\u00e2che-moi !"},"content":{"rendered":"<p>L\u00e2che-moi ! Entre danse &amp; th\u00e9\u00e2tre, un duo qui d\u00e9coiffe\u2026 Un homme et une femme, deux interpr\u00e8tes complices\u2026<br \/>\nAutour de l\u2019\u00e9nergie de la rage, de la col\u00e8re et de ce qui nous fait vibrer\u2026 L\u2019\u00e9tranget\u00e9, les incompr\u00e9hensions culturelles, la tol\u00e9rance. Un travail en haleine, un duo de choc o\u00f9 les corps s\u2019entrechoquent et s\u2019\u00e9loignent avec les contradictions de l\u2019Amour\u2026<br \/>\nDeux solitudes en errance, en mouvance vers la libert\u00e9 d\u2019\u00eatre&#8230;<\/p>\n<p><strong>VENDREDI 19h30 en 23<\/strong><br \/>\n<strong>SAMEDI 11h30 &amp; 17h en 23<br \/>\nDIMANCHE 11h en 22<\/strong><\/p>\n","protected":false},"excerpt":{"rendered":"<p>MASTOC PRODUCTION<\/p>\n","protected":false},"featured_media":0,"template":"","meta":[],"_links":{"self":[{"href":"https:\/\/vivacite.services.mairie-sotteville-les-rouen.fr\/index.php?rest_route=\/wp\/v2\/product\/95"}],"collection":[{"href":"https:\/\/vivacite.services.mairie-sotteville-les-rouen.fr\/index.php?rest_route=\/wp\/v2\/product"}],"about":[{"href":"https:\/\/vivacite.services.mairie-sotteville-les-rouen.fr\/index.php?rest_route=\/wp\/v2\/types\/product"}],"wp:attachment":[{"href":"https:\/\/vivacite.services.mairie-sotteville-les-rouen.fr\/index.php?rest_route=%2Fwp%2Fv2%2Fmedia&parent=95"}],"curies":[{"name":"wp","href":"https:\/\/api.w.org\/{rel}","templated":true}]}}