{"id":93,"date":"2018-05-31T12:03:36","date_gmt":"2018-05-31T10:03:36","guid":{"rendered":"http:\/\/vivacite.services.mairie-sotteville-les-rouen.fr\/?post_type=product&#038;p=93"},"modified":"2019-06-24T13:55:39","modified_gmt":"2019-06-24T11:55:39","slug":"la-fabrique-fastidieuse","status":"publish","type":"product","link":"https:\/\/vivacite.services.mairie-sotteville-les-rouen.fr\/?product=la-fabrique-fastidieuse","title":{"rendered":"Tranzistoir"},"content":{"rendered":"<p>TRANZISTOIR, c\u2019est 900 km d\u2019une seule traite avec la radio allum\u00e9e. Une jeune femme traverse la nuit au volant de sa voiture. Au bout de la route, il y a un rendez-vous qui va bouleverser sa vie. Les ondes l\u2019accompagnent dans cet \u00e9trange voyage et r\u00e9veillent ses fant\u00f4mes.<br \/>\nComme une grande \u00e9pop\u00e9e radiophonique. Un r\u00e9cit sans trou d\u2019air mis en musique avec malice.<\/p>\n<p><strong>VENDREDI 23h en 20<br \/>\nSAMEDI 23h en 20<\/strong><\/p>\n","protected":false},"excerpt":{"rendered":"<p>MATZIK<\/p>\n","protected":false},"featured_media":0,"template":"","meta":[],"_links":{"self":[{"href":"https:\/\/vivacite.services.mairie-sotteville-les-rouen.fr\/index.php?rest_route=\/wp\/v2\/product\/93"}],"collection":[{"href":"https:\/\/vivacite.services.mairie-sotteville-les-rouen.fr\/index.php?rest_route=\/wp\/v2\/product"}],"about":[{"href":"https:\/\/vivacite.services.mairie-sotteville-les-rouen.fr\/index.php?rest_route=\/wp\/v2\/types\/product"}],"wp:attachment":[{"href":"https:\/\/vivacite.services.mairie-sotteville-les-rouen.fr\/index.php?rest_route=%2Fwp%2Fv2%2Fmedia&parent=93"}],"curies":[{"name":"wp","href":"https:\/\/api.w.org\/{rel}","templated":true}]}}