{"id":88,"date":"2018-05-31T11:35:39","date_gmt":"2018-05-31T09:35:39","guid":{"rendered":"http:\/\/vivacite.services.mairie-sotteville-les-rouen.fr\/?post_type=product&#038;p=88"},"modified":"2019-06-25T14:22:54","modified_gmt":"2019-06-25T12:22:54","slug":"la-cosa","status":"publish","type":"product","link":"https:\/\/vivacite.services.mairie-sotteville-les-rouen.fr\/?product=la-cosa","title":{"rendered":"La chose \u00e0 voir"},"content":{"rendered":"<p>Mesdames et Messieurs, voici venu le temps d\u2019affronter votre heure de v\u00e9rit\u00e9 ! Aurez-vous l\u2019audace, la curiosit\u00e9, la t\u00e9m\u00e9rit\u00e9, de venir vous confronter \u00e0 la monstruosit\u00e9 ? Haranguer les passants et parler de sa Chose, la Femme sait bien le faire.<br \/>\nGarder la porte et le myst\u00e8re, le Muet en fait sa mission. En d\u00e9cidant de suivre la Femme de l\u2019autre c\u00f4t\u00e9 du d\u00e9cor, quelle sera votre r\u00e9action ?<br \/>\nAllez savoir, \u00e0 vous de voir !<\/p>\n<p><strong>VENDREDI 19h30 en 7<\/strong><br \/>\n<strong>SAMEDI 12h30 &amp; 15h15 &amp; 21h en 7<\/strong><br \/>\n<strong>DIMANCHE 12h40 &amp; 17h05 en 7<\/strong><\/p>\n<p>&nbsp;<\/p>\n","protected":false},"excerpt":{"rendered":"<p>COLLECTIF M\u00c9TALU \u00c0 CHAHUTER<\/p>\n","protected":false},"featured_media":0,"template":"","meta":[],"_links":{"self":[{"href":"https:\/\/vivacite.services.mairie-sotteville-les-rouen.fr\/index.php?rest_route=\/wp\/v2\/product\/88"}],"collection":[{"href":"https:\/\/vivacite.services.mairie-sotteville-les-rouen.fr\/index.php?rest_route=\/wp\/v2\/product"}],"about":[{"href":"https:\/\/vivacite.services.mairie-sotteville-les-rouen.fr\/index.php?rest_route=\/wp\/v2\/types\/product"}],"wp:attachment":[{"href":"https:\/\/vivacite.services.mairie-sotteville-les-rouen.fr\/index.php?rest_route=%2Fwp%2Fv2%2Fmedia&parent=88"}],"curies":[{"name":"wp","href":"https:\/\/api.w.org\/{rel}","templated":true}]}}