{"id":86,"date":"2018-05-31T11:27:49","date_gmt":"2018-05-31T09:27:49","guid":{"rendered":"http:\/\/vivacite.services.mairie-sotteville-les-rouen.fr\/?post_type=product&#038;p=86"},"modified":"2019-06-29T10:50:13","modified_gmt":"2019-06-29T08:50:13","slug":"boots-and-roots","status":"publish","type":"product","link":"https:\/\/vivacite.services.mairie-sotteville-les-rouen.fr\/?product=boots-and-roots","title":{"rendered":"La danse des sauvages"},"content":{"rendered":"<p>Soyez courageux, venez faire partie de la peuplade, vous abandonnerez vos affaires d\u2019humains et nous vous kostumerons avec des kornes et des peaux, des grandes dents pointues ; vous allez devenir des enfants sauvages, des hommes-b\u00eates, des femmes \u00e9pouvantails ! Sans parole, tout en douceur nous vous accueillons pour danser sur des rythmes endiabl\u00e9s et vous embarquer dans un voyage initiatique pour c\u00e9l\u00e9brer le Monstre en chacun de vous !<\/p>\n<p><strong>VENDREDI 22h45 en B<\/strong><br \/>\n<strong>SAMEDI 17h &amp; 20h45 en B<br \/>\nDIMANCHE 18H35 en B<\/strong><\/p>\n","protected":false},"excerpt":{"rendered":"<p>TH\u00c9\u00c2TRE DES MONSTRES<\/p>\n","protected":false},"featured_media":0,"template":"","meta":[],"_links":{"self":[{"href":"https:\/\/vivacite.services.mairie-sotteville-les-rouen.fr\/index.php?rest_route=\/wp\/v2\/product\/86"}],"collection":[{"href":"https:\/\/vivacite.services.mairie-sotteville-les-rouen.fr\/index.php?rest_route=\/wp\/v2\/product"}],"about":[{"href":"https:\/\/vivacite.services.mairie-sotteville-les-rouen.fr\/index.php?rest_route=\/wp\/v2\/types\/product"}],"wp:attachment":[{"href":"https:\/\/vivacite.services.mairie-sotteville-les-rouen.fr\/index.php?rest_route=%2Fwp%2Fv2%2Fmedia&parent=86"}],"curies":[{"name":"wp","href":"https:\/\/api.w.org\/{rel}","templated":true}]}}