{"id":84,"date":"2018-05-31T11:17:03","date_gmt":"2018-05-31T09:17:03","guid":{"rendered":"http:\/\/vivacite.services.mairie-sotteville-les-rouen.fr\/?post_type=product&#038;p=84"},"modified":"2019-06-24T14:01:03","modified_gmt":"2019-06-24T12:01:03","slug":"par-les-temps-qui-courent-carnet-de-voyages","status":"publish","type":"product","link":"https:\/\/vivacite.services.mairie-sotteville-les-rouen.fr\/?product=par-les-temps-qui-courent-carnet-de-voyages","title":{"rendered":"One Shot !"},"content":{"rendered":"<p>One Shot, parce que l\u2019on n\u2019a qu\u2019un seul essai\u2026 Cool comme le blues, nerveux comme le rock, ce spectacle revisite les vieux standards du cirque tout en libert\u00e9 d\u00e9complex\u00e9e. \u00c7a glisse, \u00e7a teste le (d\u00e9s)\u00e9quilibre, \u00e7a hache et \u00e7a s\u2019abat. Au final, on a du mal \u00e0 trancher sur ce qui nous \u00e9pate le plus, l\u2019habilet\u00e9 des artistes ou l\u2019impr\u00e9visibilit\u00e9 des objets.<\/p>\n<p><strong>VENDREDI 19h55 en 22<\/strong><br \/>\n<strong>SAMEDI 16h &amp; 19h45 en 22<br \/>\nDIMANCHE 14h45 &amp; 18h10 en 22<\/strong><\/p>\n","protected":false},"excerpt":{"rendered":"<p>CIE ONE SHOT<\/p>\n","protected":false},"featured_media":0,"template":"","meta":[],"_links":{"self":[{"href":"https:\/\/vivacite.services.mairie-sotteville-les-rouen.fr\/index.php?rest_route=\/wp\/v2\/product\/84"}],"collection":[{"href":"https:\/\/vivacite.services.mairie-sotteville-les-rouen.fr\/index.php?rest_route=\/wp\/v2\/product"}],"about":[{"href":"https:\/\/vivacite.services.mairie-sotteville-les-rouen.fr\/index.php?rest_route=\/wp\/v2\/types\/product"}],"wp:attachment":[{"href":"https:\/\/vivacite.services.mairie-sotteville-les-rouen.fr\/index.php?rest_route=%2Fwp%2Fv2%2Fmedia&parent=84"}],"curies":[{"name":"wp","href":"https:\/\/api.w.org\/{rel}","templated":true}]}}