{"id":82,"date":"2018-05-31T11:04:51","date_gmt":"2018-05-31T09:04:51","guid":{"rendered":"http:\/\/vivacite.services.mairie-sotteville-les-rouen.fr\/?post_type=product&#038;p=82"},"modified":"2019-06-24T14:02:01","modified_gmt":"2019-06-24T12:02:01","slug":"les-tondues","status":"publish","type":"product","link":"https:\/\/vivacite.services.mairie-sotteville-les-rouen.fr\/?product=les-tondues","title":{"rendered":"La volont\u00e9 des cuisses"},"content":{"rendered":"<p>Un piano et quatre artistes de cirque. \u00c0 la base les port\u00e9s acrobatiques. \u00c7a jongle aussi : avec les notes, avec les balles, avec les mots et les surprises. Ce sera bien un spectacle vivant, un spectacle de rue o\u00f9 chutes et culbutes r\u00e9v\u00e9leront les caboss\u00e9s que nous sommes.<\/p>\n<p><strong>VENDREDI 20h30 en 9<br \/>\nSAMEDI 14h30 &amp; 18h45 en 9<br \/>\n<\/strong><strong>DIMANCHE 14h50 en 9<br \/>\n<\/strong><\/p>\n","protected":false},"excerpt":{"rendered":"<p>COLLECTIF POURQUOIPAS<\/p>\n","protected":false},"featured_media":0,"template":"","meta":[],"_links":{"self":[{"href":"https:\/\/vivacite.services.mairie-sotteville-les-rouen.fr\/index.php?rest_route=\/wp\/v2\/product\/82"}],"collection":[{"href":"https:\/\/vivacite.services.mairie-sotteville-les-rouen.fr\/index.php?rest_route=\/wp\/v2\/product"}],"about":[{"href":"https:\/\/vivacite.services.mairie-sotteville-les-rouen.fr\/index.php?rest_route=\/wp\/v2\/types\/product"}],"wp:attachment":[{"href":"https:\/\/vivacite.services.mairie-sotteville-les-rouen.fr\/index.php?rest_route=%2Fwp%2Fv2%2Fmedia&parent=82"}],"curies":[{"name":"wp","href":"https:\/\/api.w.org\/{rel}","templated":true}]}}