{"id":631,"date":"2019-06-20T16:26:37","date_gmt":"2019-06-20T14:26:37","guid":{"rendered":"http:\/\/vivacite.services.mairie-sotteville-les-rouen.fr\/?post_type=product&#038;p=631"},"modified":"2019-06-24T10:54:01","modified_gmt":"2019-06-24T08:54:01","slug":"dj-set","status":"publish","type":"product","link":"https:\/\/vivacite.services.mairie-sotteville-les-rouen.fr\/?product=dj-set","title":{"rendered":"Dj Set"},"content":{"rendered":"<p>Papa J.B et Rablais sont deux passionn\u00e9s de musique. De leur rencontre est n\u00e9e Soul &amp; Tropiques. Lors de sessions 100 % vinyles, les deux comp\u00e8res partagent et font d\u00e9couvrir diff\u00e9rentes cultures musicales : cumbia, afro-cara\u00efb\u00e9en, latino, soul\/funk 60\u2019s-70\u2019s\u2026<\/p>\n<p><strong>VENDREDI 0h15 en C<br \/>\nSAMEDI 0h en C<\/strong><\/p>\n","protected":false},"excerpt":{"rendered":"<p>SOUL &amp; TROPIQUES<\/p>\n","protected":false},"featured_media":0,"template":"","meta":[],"_links":{"self":[{"href":"https:\/\/vivacite.services.mairie-sotteville-les-rouen.fr\/index.php?rest_route=\/wp\/v2\/product\/631"}],"collection":[{"href":"https:\/\/vivacite.services.mairie-sotteville-les-rouen.fr\/index.php?rest_route=\/wp\/v2\/product"}],"about":[{"href":"https:\/\/vivacite.services.mairie-sotteville-les-rouen.fr\/index.php?rest_route=\/wp\/v2\/types\/product"}],"wp:attachment":[{"href":"https:\/\/vivacite.services.mairie-sotteville-les-rouen.fr\/index.php?rest_route=%2Fwp%2Fv2%2Fmedia&parent=631"}],"curies":[{"name":"wp","href":"https:\/\/api.w.org\/{rel}","templated":true}]}}