{"id":629,"date":"2019-06-20T16:21:00","date_gmt":"2019-06-20T14:21:00","guid":{"rendered":"http:\/\/vivacite.services.mairie-sotteville-les-rouen.fr\/?post_type=product&#038;p=629"},"modified":"2019-06-24T10:55:10","modified_gmt":"2019-06-24T08:55:10","slug":"ca-va-valser","status":"publish","type":"product","link":"https:\/\/vivacite.services.mairie-sotteville-les-rouen.fr\/?product=ca-va-valser","title":{"rendered":"\u00c7a va valser"},"content":{"rendered":"<p>De Led Zeppelin \u00e0 Marc Cerrone en passant par Madness et Bourvil, \u00c7a Va Valser revisite l\u2019accord\u00e9on et enflamme le bitume.<br \/>\n\u00c7a va valser joue dans la rue pour ceux qui veulent danser, ceux qui veulent regarder, ceux qui veulent \u00e9couter\u2026<\/p>\n<p><strong>VENDREDI 21h30 en O<br \/>\nSAMEDI 13h &amp; 20h en O<br \/>\n<\/strong><strong>DIMANCHE 12h30 <\/strong><strong>en O<\/strong><\/p>\n<p><strong>SAMEDI 17h45 en 13<br \/>\n<\/strong><strong>DIMANCHE 15h45\u00a0<\/strong><strong>en 13<\/strong><\/p>\n","protected":false},"excerpt":{"rendered":"<p>LES RUSTINES DE L\u2019ANGE<\/p>\n","protected":false},"featured_media":0,"template":"","meta":[],"_links":{"self":[{"href":"https:\/\/vivacite.services.mairie-sotteville-les-rouen.fr\/index.php?rest_route=\/wp\/v2\/product\/629"}],"collection":[{"href":"https:\/\/vivacite.services.mairie-sotteville-les-rouen.fr\/index.php?rest_route=\/wp\/v2\/product"}],"about":[{"href":"https:\/\/vivacite.services.mairie-sotteville-les-rouen.fr\/index.php?rest_route=\/wp\/v2\/types\/product"}],"wp:attachment":[{"href":"https:\/\/vivacite.services.mairie-sotteville-les-rouen.fr\/index.php?rest_route=%2Fwp%2Fv2%2Fmedia&parent=629"}],"curies":[{"name":"wp","href":"https:\/\/api.w.org\/{rel}","templated":true}]}}