{"id":627,"date":"2019-06-20T16:16:02","date_gmt":"2019-06-20T14:16:02","guid":{"rendered":"http:\/\/vivacite.services.mairie-sotteville-les-rouen.fr\/?post_type=product&#038;p=627"},"modified":"2019-06-24T10:56:20","modified_gmt":"2019-06-24T08:56:20","slug":"toytoy-les-colporteurs-pouetiques","status":"publish","type":"product","link":"https:\/\/vivacite.services.mairie-sotteville-les-rouen.fr\/?product=toytoy-les-colporteurs-pouetiques","title":{"rendered":"Toytoy, les colporteurs pou\u00ebtiques"},"content":{"rendered":"<p>Un bonimenteur invite petits et grands \u00e0 d\u00e9couvrir un bonhomme \u00e9nigmatique et ses amis jouets.<br \/>\nIl font des pou\u00ebts, des meuhs, des brzz. Le chef d\u2019orchestre, sous ses doigts virtuoses, se pla\u00eet \u00e0 leur redonner vie. Le concerto commence.<br \/>\nLes poup\u00e9es rient, les cubes s\u2019entrechoquent, les hochets hoqu\u00e8tent et tout se m\u00eale dans une joyeuse farandole sonore.<\/p>\n<p><strong>VENDREDI 19h30 en H<br \/>\nSAMEDI 11h15 &amp; 15h en H<br \/>\n<\/strong><strong>DIMANCHE 11h15 &amp; 15h45\u00a0<\/strong><strong>en H<\/strong><\/p>\n","protected":false},"excerpt":{"rendered":"<p>LA ROULOTTE RUCHE<\/p>\n","protected":false},"featured_media":0,"template":"","meta":[],"_links":{"self":[{"href":"https:\/\/vivacite.services.mairie-sotteville-les-rouen.fr\/index.php?rest_route=\/wp\/v2\/product\/627"}],"collection":[{"href":"https:\/\/vivacite.services.mairie-sotteville-les-rouen.fr\/index.php?rest_route=\/wp\/v2\/product"}],"about":[{"href":"https:\/\/vivacite.services.mairie-sotteville-les-rouen.fr\/index.php?rest_route=\/wp\/v2\/types\/product"}],"wp:attachment":[{"href":"https:\/\/vivacite.services.mairie-sotteville-les-rouen.fr\/index.php?rest_route=%2Fwp%2Fv2%2Fmedia&parent=627"}],"curies":[{"name":"wp","href":"https:\/\/api.w.org\/{rel}","templated":true}]}}