{"id":617,"date":"2019-06-20T15:36:03","date_gmt":"2019-06-20T13:36:03","guid":{"rendered":"http:\/\/vivacite.services.mairie-sotteville-les-rouen.fr\/?post_type=product&#038;p=617"},"modified":"2019-06-24T11:06:59","modified_gmt":"2019-06-24T09:06:59","slug":"linstant-de-justesse","status":"publish","type":"product","link":"https:\/\/vivacite.services.mairie-sotteville-les-rouen.fr\/?product=linstant-de-justesse","title":{"rendered":"L&rsquo;instant de justesse"},"content":{"rendered":"<p>Jacques de VALAMBRIS, Huissier de Justesse est investi de plusieurs missions ou ordres de saisie qui vont l\u2019emporter dans un voyage.<br \/>\nIl \u00e9voluera en plusieurs \u00e9tapes, \u00e0 l\u2019identique d\u2019un chemin de croix. Dans cette g\u00e9om\u00e9trie, il tutoie la po\u00e9sie, l\u2019humanit\u00e9 et l\u2019absurde.<\/p>\n<p><strong>SAMEDI 15h30 en 2<br \/>\n<\/strong><strong>DIMANCHE 15h30 <\/strong><strong>en 2<\/strong><\/p>\n","protected":false},"excerpt":{"rendered":"<p>LES TEMPS ABSURDES<\/p>\n","protected":false},"featured_media":0,"template":"","meta":[],"_links":{"self":[{"href":"https:\/\/vivacite.services.mairie-sotteville-les-rouen.fr\/index.php?rest_route=\/wp\/v2\/product\/617"}],"collection":[{"href":"https:\/\/vivacite.services.mairie-sotteville-les-rouen.fr\/index.php?rest_route=\/wp\/v2\/product"}],"about":[{"href":"https:\/\/vivacite.services.mairie-sotteville-les-rouen.fr\/index.php?rest_route=\/wp\/v2\/types\/product"}],"wp:attachment":[{"href":"https:\/\/vivacite.services.mairie-sotteville-les-rouen.fr\/index.php?rest_route=%2Fwp%2Fv2%2Fmedia&parent=617"}],"curies":[{"name":"wp","href":"https:\/\/api.w.org\/{rel}","templated":true}]}}