{"id":615,"date":"2019-06-20T15:16:30","date_gmt":"2019-06-20T13:16:30","guid":{"rendered":"http:\/\/vivacite.services.mairie-sotteville-les-rouen.fr\/?post_type=product&#038;p=615"},"modified":"2019-06-24T11:07:48","modified_gmt":"2019-06-24T09:07:48","slug":"tout-doit-disparaitre","status":"publish","type":"product","link":"https:\/\/vivacite.services.mairie-sotteville-les-rouen.fr\/?product=tout-doit-disparaitre","title":{"rendered":"Tout doit dispara\u00eetre"},"content":{"rendered":"<p>Son boniment persuade et convainc, son \u00e9nergie vous touche, sa sensibilit\u00e9 vous transperce. Il lit en vous, ressent les d\u00e9sirs du public, per\u00e7oit l\u2019invisible. Mais que verra-t-on au juste ? Vous allez voir, Mesdames et Messieurs, ce qui n\u2019a pas de pr\u00e9c\u00e9dent, ce qui n\u2019aura jamais d\u2019imitation. Vous allez \u00eatre t\u00e9moin de merveilles, voir l\u2019impossible, assister \u00e0 des miracles !<\/p>\n<p><strong>VENDREDI 19h35 en N<br \/>\nSAMEDI 14h &amp; 16h40 en N<\/strong><br \/>\n<strong>DIMANCHE 13h30 &amp; 16h<\/strong><strong> en N<\/strong><\/p>\n","protected":false},"excerpt":{"rendered":"<p>REN\u00c9 COUSINS<\/p>\n","protected":false},"featured_media":0,"template":"","meta":[],"_links":{"self":[{"href":"https:\/\/vivacite.services.mairie-sotteville-les-rouen.fr\/index.php?rest_route=\/wp\/v2\/product\/615"}],"collection":[{"href":"https:\/\/vivacite.services.mairie-sotteville-les-rouen.fr\/index.php?rest_route=\/wp\/v2\/product"}],"about":[{"href":"https:\/\/vivacite.services.mairie-sotteville-les-rouen.fr\/index.php?rest_route=\/wp\/v2\/types\/product"}],"wp:attachment":[{"href":"https:\/\/vivacite.services.mairie-sotteville-les-rouen.fr\/index.php?rest_route=%2Fwp%2Fv2%2Fmedia&parent=615"}],"curies":[{"name":"wp","href":"https:\/\/api.w.org\/{rel}","templated":true}]}}