{"id":613,"date":"2019-06-20T15:09:51","date_gmt":"2019-06-20T13:09:51","guid":{"rendered":"http:\/\/vivacite.services.mairie-sotteville-les-rouen.fr\/?post_type=product&#038;p=613"},"modified":"2019-06-24T11:08:22","modified_gmt":"2019-06-24T09:08:22","slug":"attifa-de-yambole","status":"publish","type":"product","link":"https:\/\/vivacite.services.mairie-sotteville-les-rouen.fr\/?product=attifa-de-yambole","title":{"rendered":"Attifa de Yambol\u00e9"},"content":{"rendered":"<p>Sous pr\u00e9texte de nous pr\u00e9senter un conte africain, \u00e9crit suite \u00e0 un voyage au S\u00e9n\u00e9gal, deux biblioth\u00e9caires, dont l\u2019une est sourde, nous livrent leurs visions de l\u2019Afrique, truff\u00e9es de pr\u00e9jug\u00e9s. Un ethnocentrisme renforc\u00e9 par les d\u00e9calages qui existent souvent entre sourds et entendants.<\/p>\n<p><strong>SPECTACLE BILINGUE : FRAN\u00c7AIS \/ LSF<\/strong><\/p>\n<p><strong>VENDREDI 20h15 en 5<br \/>\nSAMEDI 13h15 en 5<\/strong><br \/>\n<strong>DIMANCHE 16h45<\/strong><strong> en 5<\/strong><\/p>\n","protected":false},"excerpt":{"rendered":"<p>LA SOI-DISANTE COMPAGNIE<\/p>\n","protected":false},"featured_media":0,"template":"","meta":[],"_links":{"self":[{"href":"https:\/\/vivacite.services.mairie-sotteville-les-rouen.fr\/index.php?rest_route=\/wp\/v2\/product\/613"}],"collection":[{"href":"https:\/\/vivacite.services.mairie-sotteville-les-rouen.fr\/index.php?rest_route=\/wp\/v2\/product"}],"about":[{"href":"https:\/\/vivacite.services.mairie-sotteville-les-rouen.fr\/index.php?rest_route=\/wp\/v2\/types\/product"}],"wp:attachment":[{"href":"https:\/\/vivacite.services.mairie-sotteville-les-rouen.fr\/index.php?rest_route=%2Fwp%2Fv2%2Fmedia&parent=613"}],"curies":[{"name":"wp","href":"https:\/\/api.w.org\/{rel}","templated":true}]}}