{"id":611,"date":"2019-06-20T15:03:36","date_gmt":"2019-06-20T13:03:36","guid":{"rendered":"http:\/\/vivacite.services.mairie-sotteville-les-rouen.fr\/?post_type=product&#038;p=611"},"modified":"2019-06-24T11:09:31","modified_gmt":"2019-06-24T09:09:31","slug":"slow-park","status":"publish","type":"product","link":"https:\/\/vivacite.services.mairie-sotteville-les-rouen.fr\/?product=slow-park","title":{"rendered":"Slow Park"},"content":{"rendered":"<p>Baissez la t\u00eate et entrez sous la toile, dans notre minuscule f\u00eate foraine.<br \/>\nVenez visiter notre m\u00e9nagerie et fondez-vous baveusement dans le d\u00e9cor. Bois rouill\u00e9, objets trouv\u00e9s, cirque fait-main, attractions bancales&#8230;<br \/>\nBienvenue dans la maison lente, comme une invitation \u00e0 perdre votre temps, en compagnie de nos b\u00eates \u00e0 cornes. Patience et d\u00e9licatesse des yeux appr\u00e9ci\u00e9es !<\/p>\n<p><strong>VENDREDI 19h30 \u00e0 23h30 en Q<br \/>\nSAMEDI 11h \u00e0 13h30 &amp; 19h \u00e0 21h30 en Q<\/strong><br \/>\n<strong>DIMANCHE 11h \u00e0 13h30 &amp; 14h \u00e0 17h<\/strong><strong> en Q<\/strong><\/p>\n","protected":false},"excerpt":{"rendered":"<p>SLOW PARK<\/p>\n","protected":false},"featured_media":0,"template":"","meta":[],"_links":{"self":[{"href":"https:\/\/vivacite.services.mairie-sotteville-les-rouen.fr\/index.php?rest_route=\/wp\/v2\/product\/611"}],"collection":[{"href":"https:\/\/vivacite.services.mairie-sotteville-les-rouen.fr\/index.php?rest_route=\/wp\/v2\/product"}],"about":[{"href":"https:\/\/vivacite.services.mairie-sotteville-les-rouen.fr\/index.php?rest_route=\/wp\/v2\/types\/product"}],"wp:attachment":[{"href":"https:\/\/vivacite.services.mairie-sotteville-les-rouen.fr\/index.php?rest_route=%2Fwp%2Fv2%2Fmedia&parent=611"}],"curies":[{"name":"wp","href":"https:\/\/api.w.org\/{rel}","templated":true}]}}