{"id":30,"date":"2018-05-24T16:54:00","date_gmt":"2018-05-24T14:54:00","guid":{"rendered":"http:\/\/vivacite.services.mairie-sotteville-les-rouen.fr\/?post_type=product&#038;p=30"},"modified":"2019-06-24T14:03:32","modified_gmt":"2019-06-24T12:03:32","slug":"spectacle-1","status":"publish","type":"product","link":"https:\/\/vivacite.services.mairie-sotteville-les-rouen.fr\/?product=spectacle-1","title":{"rendered":"Nola Radio"},"content":{"rendered":"<p>Dans son \u00e9mission de radio sur les musiques noires am\u00e9ricaines, Jeanne Merlot re\u00e7oit aujourd\u2019hui le l\u00e9gendaire Big Bill Broonzy. Une interview \u201clive\u201d o\u00f9 tout peut arriver, en musique, en douce ou en catastrophe. Il a v\u00e9cu les grands moments du Blues. Vous allez vivre un grand moment de musique. Elle va vivre un grand moment de solitude.<\/p>\n<p><strong>VENDREDI 20h45 en Q<br \/>\nSAMEDI 21h30 en Q<\/strong><br \/>\n<strong>DIMANCHE 16h40 en Q<\/strong><\/p>\n","protected":false},"excerpt":{"rendered":"<p>LE QUART D\u2019HEURE AM\u00c9RICAIN<\/p>\n","protected":false},"featured_media":0,"template":"","meta":[],"_links":{"self":[{"href":"https:\/\/vivacite.services.mairie-sotteville-les-rouen.fr\/index.php?rest_route=\/wp\/v2\/product\/30"}],"collection":[{"href":"https:\/\/vivacite.services.mairie-sotteville-les-rouen.fr\/index.php?rest_route=\/wp\/v2\/product"}],"about":[{"href":"https:\/\/vivacite.services.mairie-sotteville-les-rouen.fr\/index.php?rest_route=\/wp\/v2\/types\/product"}],"wp:attachment":[{"href":"https:\/\/vivacite.services.mairie-sotteville-les-rouen.fr\/index.php?rest_route=%2Fwp%2Fv2%2Fmedia&parent=30"}],"curies":[{"name":"wp","href":"https:\/\/api.w.org\/{rel}","templated":true}]}}