{"id":227,"date":"2018-06-05T15:11:23","date_gmt":"2018-06-05T13:11:23","guid":{"rendered":"http:\/\/vivacite.services.mairie-sotteville-les-rouen.fr\/?post_type=product&#038;p=227"},"modified":"2019-06-24T11:10:50","modified_gmt":"2019-06-24T09:10:50","slug":"zanimal-le-carrousel-eclate","status":"publish","type":"product","link":"https:\/\/vivacite.services.mairie-sotteville-les-rouen.fr\/?product=zanimal-le-carrousel-eclate","title":{"rendered":"Tous en Place !"},"content":{"rendered":"<p>Une nouvelle place \u00e7a s\u2019inaugure en grandes pompes, un ma\u00eetre de c\u00e9r\u00e9monie, un public tout v\u00eatu de blanc, un tapis rouge, une coupure<br \/>\nde ruban et tout le tralala\u2026 Sous le haut patronage de la F\u00e9e des arts, la Compagnie Oposito et leurs complices vous invitent \u00e0 les rejoindre pour un moment dans\u00e9 entre ciel et terre. La Danse de la Place, grand moment incantatoire joyeux et collectif, viendra cl\u00f4turer cette c\u00e9r\u00e9monie solennelle et un tantinet d\u00e9cadente. Alors, ne ratez pas ce moment, sautez des deux pieds avec nous dans la l\u00e9gende de la Place, ce jour o\u00f9 tous ensemble nous en \u00e9crirons les premi\u00e8res pages.\u00a0<strong>DRESS CODE : VENEZ V\u00caTU\u00b7E DE BLANC !<\/strong><\/p>\n<p><strong>Samedi \u00e0 18h43 en 2 (PLACE DE L\u2019H\u00d4TEL DE VILLE)<\/strong><\/p>\n<p><a href=\"http:\/\/oposito.fr\">oposito.fr<\/a><\/p>\n","protected":false},"excerpt":{"rendered":"<p>OPOSITO<\/p>\n","protected":false},"featured_media":0,"template":"","meta":[],"_links":{"self":[{"href":"https:\/\/vivacite.services.mairie-sotteville-les-rouen.fr\/index.php?rest_route=\/wp\/v2\/product\/227"}],"collection":[{"href":"https:\/\/vivacite.services.mairie-sotteville-les-rouen.fr\/index.php?rest_route=\/wp\/v2\/product"}],"about":[{"href":"https:\/\/vivacite.services.mairie-sotteville-les-rouen.fr\/index.php?rest_route=\/wp\/v2\/types\/product"}],"wp:attachment":[{"href":"https:\/\/vivacite.services.mairie-sotteville-les-rouen.fr\/index.php?rest_route=%2Fwp%2Fv2%2Fmedia&parent=227"}],"curies":[{"name":"wp","href":"https:\/\/api.w.org\/{rel}","templated":true}]}}