{"id":225,"date":"2018-06-05T15:07:36","date_gmt":"2018-06-05T13:07:36","guid":{"rendered":"http:\/\/vivacite.services.mairie-sotteville-les-rouen.fr\/?post_type=product&#038;p=225"},"modified":"2019-06-24T11:11:21","modified_gmt":"2019-06-24T09:11:21","slug":"cagnara-tv-sotteville","status":"publish","type":"product","link":"https:\/\/vivacite.services.mairie-sotteville-les-rouen.fr\/?product=cagnara-tv-sotteville","title":{"rendered":"Biquette"},"content":{"rendered":"<p>Dans ce bar de quartier, Biquette va se raconter : sa boulimie, sa m\u00e8re, Annie Cordy, Sylvie Vartan, sa m\u00e8re, sa dentition bancale, ses genoux, sa m\u00e8re, ses insomnies, sa m\u00e8re\u2026 Biquette se livre, elle parle d\u2019ellem\u00eame. De son carnet, de sa dyslexie, entre 2 verres de vin rouge. Elle aurait pu aller voir un psy mais non \u2026 Elle pr\u00e9f\u00e8re s\u2019arr\u00eater dans ce bar de quartier et parler \u00e0 des inconnus. Portrait d\u2019une femme burlesque et \u00e9mouvante qui a besoin de s\u2019exprimer.<\/p>\n<p><strong>Samedi 14h30 en 3 (BAR LE LUT\u00c9TIA PLACE DE L\u2019H\u00d4TEL DE VILLE)<\/strong><br \/>\n<strong>Dimanche 15h15 en 3 (BAR LE LUT\u00c9TIA PLACE DE L\u2019H\u00d4TEL DE VILLE)<\/strong><\/p>\n<p>&nbsp;<\/p>\n","protected":false},"excerpt":{"rendered":"<p>2L AU QUINTAL<\/p>\n","protected":false},"featured_media":0,"template":"","meta":[],"_links":{"self":[{"href":"https:\/\/vivacite.services.mairie-sotteville-les-rouen.fr\/index.php?rest_route=\/wp\/v2\/product\/225"}],"collection":[{"href":"https:\/\/vivacite.services.mairie-sotteville-les-rouen.fr\/index.php?rest_route=\/wp\/v2\/product"}],"about":[{"href":"https:\/\/vivacite.services.mairie-sotteville-les-rouen.fr\/index.php?rest_route=\/wp\/v2\/types\/product"}],"wp:attachment":[{"href":"https:\/\/vivacite.services.mairie-sotteville-les-rouen.fr\/index.php?rest_route=%2Fwp%2Fv2%2Fmedia&parent=225"}],"curies":[{"name":"wp","href":"https:\/\/api.w.org\/{rel}","templated":true}]}}