{"id":221,"date":"2018-06-05T14:13:31","date_gmt":"2018-06-05T12:13:31","guid":{"rendered":"http:\/\/vivacite.services.mairie-sotteville-les-rouen.fr\/?post_type=product&#038;p=221"},"modified":"2019-06-24T11:14:37","modified_gmt":"2019-06-24T09:14:37","slug":"in-two","status":"publish","type":"product","link":"https:\/\/vivacite.services.mairie-sotteville-les-rouen.fr\/?product=in-two","title":{"rendered":"Le Grand Cirque des Sondages"},"content":{"rendered":"<p>Alors que statistiques et sondages passent au peigne fin la r\u00e9alit\u00e9 de notre soci\u00e9t\u00e9, un panel de spect-acteurs tir\u00e9 au sort va devoir incarner la r\u00e9alit\u00e9 cruelle des r\u00e9sultats au cours de jeux du cirque. Avec Panel et Circenses, ne soyez plus victime des chiffres et venez les combattre. Mais attention malheur aux vaincus !<\/p>\n<p><strong>Samedi \u00e0 15h45 en 9 (ESPACE MARCEL LODS &#8211; TERRAIN DE SPORT)<\/strong><br \/>\n<strong>Dimanche \u00e0 17h en 9\u00a0(ESPACE MARCEL LODS &#8211; TERRAIN DE SPORT)<\/strong><\/p>\n","protected":false},"excerpt":{"rendered":"<p>ANNIBAL ET SES \u00c9L\u00c9PHANTS<\/p>\n","protected":false},"featured_media":0,"template":"","meta":[],"_links":{"self":[{"href":"https:\/\/vivacite.services.mairie-sotteville-les-rouen.fr\/index.php?rest_route=\/wp\/v2\/product\/221"}],"collection":[{"href":"https:\/\/vivacite.services.mairie-sotteville-les-rouen.fr\/index.php?rest_route=\/wp\/v2\/product"}],"about":[{"href":"https:\/\/vivacite.services.mairie-sotteville-les-rouen.fr\/index.php?rest_route=\/wp\/v2\/types\/product"}],"wp:attachment":[{"href":"https:\/\/vivacite.services.mairie-sotteville-les-rouen.fr\/index.php?rest_route=%2Fwp%2Fv2%2Fmedia&parent=221"}],"curies":[{"name":"wp","href":"https:\/\/api.w.org\/{rel}","templated":true}]}}