{"id":217,"date":"2018-06-05T14:07:58","date_gmt":"2018-06-05T12:07:58","guid":{"rendered":"http:\/\/vivacite.services.mairie-sotteville-les-rouen.fr\/?post_type=product&#038;p=217"},"modified":"2019-06-24T11:16:41","modified_gmt":"2019-06-24T09:16:41","slug":"carlingue-126z","status":"publish","type":"product","link":"https:\/\/vivacite.services.mairie-sotteville-les-rouen.fr\/?product=carlingue-126z","title":{"rendered":"Sangkhumtha : HOPE"},"content":{"rendered":"<p>Artonik est de retour \u00e0 Viva Cit\u00e9 avec sa nouvelle cr\u00e9ation, pour un voyage en douze tableaux autour d\u2019un propos, la qu\u00eate de l\u2019eau, ce bien si pr\u00e9cieux et si mal partag\u00e9 sur la plan\u00e8te. Sinuant de nuit dans les rues, comme le Mekong coule de la Chine vers les vall\u00e9es cambodgiennes, la compagnie marseillaise livre une ode sensible aux couleurs de l\u2019Asie, o\u00f9 les traditions Khmers s\u2019harmonisent avec une production chor\u00e9graphique, graphique et musicale contemporaine. \u00c0 Alain Beauchet<\/p>\n<p><strong>Vendredi 22h30 en 1 (D\u00c9PART PARVIS DE L\u2019H\u00d4TEL DE VILLE)<\/strong><\/p>\n","protected":false},"excerpt":{"rendered":"<p>ARTONIK<\/p>\n","protected":false},"featured_media":0,"template":"","meta":[],"_links":{"self":[{"href":"https:\/\/vivacite.services.mairie-sotteville-les-rouen.fr\/index.php?rest_route=\/wp\/v2\/product\/217"}],"collection":[{"href":"https:\/\/vivacite.services.mairie-sotteville-les-rouen.fr\/index.php?rest_route=\/wp\/v2\/product"}],"about":[{"href":"https:\/\/vivacite.services.mairie-sotteville-les-rouen.fr\/index.php?rest_route=\/wp\/v2\/types\/product"}],"wp:attachment":[{"href":"https:\/\/vivacite.services.mairie-sotteville-les-rouen.fr\/index.php?rest_route=%2Fwp%2Fv2%2Fmedia&parent=217"}],"curies":[{"name":"wp","href":"https:\/\/api.w.org\/{rel}","templated":true}]}}