{"id":213,"date":"2018-06-05T14:01:31","date_gmt":"2018-06-05T12:01:31","guid":{"rendered":"http:\/\/vivacite.services.mairie-sotteville-les-rouen.fr\/?post_type=product&#038;p=213"},"modified":"2019-06-24T11:18:31","modified_gmt":"2019-06-24T09:18:31","slug":"la-porte-du-diable","status":"publish","type":"product","link":"https:\/\/vivacite.services.mairie-sotteville-les-rouen.fr\/?product=la-porte-du-diable","title":{"rendered":"Studio Cit\u00e9"},"content":{"rendered":"<p>Dans Studio Cit\u00e9, Benjamin Vandewalle combine une s\u00e9rie d\u2019installations, de performances et d\u2019interventions, investissant l\u2019espace public d\u2019une ville, un lieu ou une place. Au cours d\u2019une p\u00e9riode de plusieurs jours ou de plusieurs semaines, Vandewalle transforme ce lieu urbain en une f\u00eate foraine artistique, une aire de jeux d\u00e9di\u00e9e au regard humain, un espace propice aux rencontres sociales, aux discussions et aux \u00e9changes d\u2019id\u00e9es.<\/p>\n<p><strong>Samedi d\u00e8s 13h30 en 4 (STATION DE M\u00c9TRO H\u00d4TEL DE VILLE)<\/strong><br \/>\n<strong>Dimanche d\u00e8s 14h en 4 (STATION DE M\u00c9TRO H\u00d4TEL DE VILLE)<\/strong><\/p>\n","protected":false},"excerpt":{"rendered":"<p>BENJAMIN VANDEWALLE<\/p>\n","protected":false},"featured_media":0,"template":"","meta":[],"_links":{"self":[{"href":"https:\/\/vivacite.services.mairie-sotteville-les-rouen.fr\/index.php?rest_route=\/wp\/v2\/product\/213"}],"collection":[{"href":"https:\/\/vivacite.services.mairie-sotteville-les-rouen.fr\/index.php?rest_route=\/wp\/v2\/product"}],"about":[{"href":"https:\/\/vivacite.services.mairie-sotteville-les-rouen.fr\/index.php?rest_route=\/wp\/v2\/types\/product"}],"wp:attachment":[{"href":"https:\/\/vivacite.services.mairie-sotteville-les-rouen.fr\/index.php?rest_route=%2Fwp%2Fv2%2Fmedia&parent=213"}],"curies":[{"name":"wp","href":"https:\/\/api.w.org\/{rel}","templated":true}]}}