{"id":203,"date":"2018-06-05T12:12:11","date_gmt":"2018-06-05T10:12:11","guid":{"rendered":"http:\/\/vivacite.services.mairie-sotteville-les-rouen.fr\/?post_type=product&#038;p=203"},"modified":"2019-06-24T11:22:41","modified_gmt":"2019-06-24T09:22:41","slug":"route-1","status":"publish","type":"product","link":"https:\/\/vivacite.services.mairie-sotteville-les-rouen.fr\/?product=route-1","title":{"rendered":"Merci de votre accueil"},"content":{"rendered":"<p>Un homme interpelle \u00e0 tue-t\u00eate sur les dysfonctionnements, les injustices de notre soci\u00e9t\u00e9-monde, des politiques internationales perverses&#8230; L\u2019action de l\u2019homme, dans sa qu\u00eate de performance, de d\u00e9fi technologique, en ignorant ses effets sur sa plan\u00e8te, ne risquet- elle pas de l\u2019envoyer droit dans le mur ? L\u2019homme augment\u00e9 va-t-il perdre l\u2019intelligence du petit quotidien, du savoir-vivre, des moments d\u2019exception, de l\u2019\u00e9volution ? Cette cr\u00e9ation r\u00e9v\u00e9lera cette ambigu\u00eft\u00e9 au travers d\u2019une d\u00e9ambulation nocturne mettant en avant tout un univers autour du 8e continent.<\/p>\n<p><strong>Samedi 22h15 en 11 (D\u00c9PART ANGLE DE LA RUE VICTOR HUGO ET DE LA RUE RASPAIL)<\/strong><\/p>\n","protected":false},"excerpt":{"rendered":"<p>G\u00c9N\u00c9RIK VAPEUR ET GORILLA CIRCUS<\/p>\n","protected":false},"featured_media":0,"template":"","meta":[],"_links":{"self":[{"href":"https:\/\/vivacite.services.mairie-sotteville-les-rouen.fr\/index.php?rest_route=\/wp\/v2\/product\/203"}],"collection":[{"href":"https:\/\/vivacite.services.mairie-sotteville-les-rouen.fr\/index.php?rest_route=\/wp\/v2\/product"}],"about":[{"href":"https:\/\/vivacite.services.mairie-sotteville-les-rouen.fr\/index.php?rest_route=\/wp\/v2\/types\/product"}],"wp:attachment":[{"href":"https:\/\/vivacite.services.mairie-sotteville-les-rouen.fr\/index.php?rest_route=%2Fwp%2Fv2%2Fmedia&parent=203"}],"curies":[{"name":"wp","href":"https:\/\/api.w.org\/{rel}","templated":true}]}}