{"id":191,"date":"2018-06-05T11:46:19","date_gmt":"2018-06-05T09:46:19","guid":{"rendered":"http:\/\/vivacite.services.mairie-sotteville-les-rouen.fr\/?post_type=product&#038;p=191"},"modified":"2019-06-24T11:26:30","modified_gmt":"2019-06-24T09:26:30","slug":"en-attendant-la-suite-cirque-dactualite","status":"publish","type":"product","link":"https:\/\/vivacite.services.mairie-sotteville-les-rouen.fr\/?product=en-attendant-la-suite-cirque-dactualite","title":{"rendered":"Le municipal Bal"},"content":{"rendered":"<p>Depuis 30 ans, tous les habitants de Clairvoie-sur-Lembron s\u2019entraident pour organiser chaque samedi Le Municipal Bal. Pour que les places de village retrouvent leurs airs de f\u00eate, leurs guirlandes et leurs paillettes, ils exportent aujourd\u2019hui ce savoir-faire dans toute la France et au-del\u00e0 !<br \/>\nTrois heures de musiques et de danses endiabl\u00e9es, masques, tartines de p\u00e2t\u00e9, feux d\u2019artifice de poche, grands \u00e9carts vocaux, solo de guitare en libert\u00e9 : plongez dans ce bouillonnement d\u2019all\u00e9gresse. Apr\u00e8s l\u2019\u00e9chauffement collectif, laissez-vous emporter par ce bijou de convivialit\u00e9, et br\u00fblez la soir\u00e9e par les deux bouts.<\/p>\n<p><strong>Vendredi 21h30 en 13 (ATELIER 231)<\/strong><br \/>\n<strong>Samedi 21h30 en 13<\/strong><\/p>\n","protected":false},"excerpt":{"rendered":"<p>COMPAGNIE ON OFF + DJ ZNAVOUR<\/p>\n","protected":false},"featured_media":0,"template":"","meta":[],"_links":{"self":[{"href":"https:\/\/vivacite.services.mairie-sotteville-les-rouen.fr\/index.php?rest_route=\/wp\/v2\/product\/191"}],"collection":[{"href":"https:\/\/vivacite.services.mairie-sotteville-les-rouen.fr\/index.php?rest_route=\/wp\/v2\/product"}],"about":[{"href":"https:\/\/vivacite.services.mairie-sotteville-les-rouen.fr\/index.php?rest_route=\/wp\/v2\/types\/product"}],"wp:attachment":[{"href":"https:\/\/vivacite.services.mairie-sotteville-les-rouen.fr\/index.php?rest_route=%2Fwp%2Fv2%2Fmedia&parent=191"}],"curies":[{"name":"wp","href":"https:\/\/api.w.org\/{rel}","templated":true}]}}