{"id":189,"date":"2018-06-05T11:43:16","date_gmt":"2018-06-05T09:43:16","guid":{"rendered":"http:\/\/vivacite.services.mairie-sotteville-les-rouen.fr\/?post_type=product&#038;p=189"},"modified":"2019-06-24T11:27:03","modified_gmt":"2019-06-24T09:27:03","slug":"un-os-dans-le-cosmos","status":"publish","type":"product","link":"https:\/\/vivacite.services.mairie-sotteville-les-rouen.fr\/?product=un-os-dans-le-cosmos","title":{"rendered":"Cabaret Philosophique"},"content":{"rendered":"<p>\u00abFaire avancer la pens\u00e9e de peur qu\u2019elle ne recule, stigmatiser la r\u00e9flexion afin qu\u2019elle ouvre \u00e0 l\u2019humanit\u00e9 de nouveaux horizons, telle est la mission de ces cabarets philosophiques\u00bb. Persuad\u00e9s que l\u2019humanit\u00e9 va dispara\u00eetre si on ne fait rien, St\u00e9phane Giblot, Daniel Sponkdatahunter et Roland Gerbier se sont auto-proclam\u00e9s philosophes. Fondateurs de la revue \u00ab Il est d\u00e9j\u00e0 trop tard \u00bb, ils cherchent et finissent par trouver des solutions aux probl\u00e8mes qui nous accablent. Il s\u2019agit de noyer l\u2019agora sous un d\u00e9luge de pertinence, de bien la secouer et de la lancer sur l\u2019orbite de la r\u00e9flexion.<\/p>\n<p><strong>Samedi 14h30 en 4 (STATION DE M\u00c9TRO H\u00d4TEL DE VILLE)<\/strong><br \/>\n<strong>Dimanche 15h30 en 4<\/strong><\/p>\n","protected":false},"excerpt":{"rendered":"<p>LE NOM DU TITRE<\/p>\n","protected":false},"featured_media":0,"template":"","meta":[],"_links":{"self":[{"href":"https:\/\/vivacite.services.mairie-sotteville-les-rouen.fr\/index.php?rest_route=\/wp\/v2\/product\/189"}],"collection":[{"href":"https:\/\/vivacite.services.mairie-sotteville-les-rouen.fr\/index.php?rest_route=\/wp\/v2\/product"}],"about":[{"href":"https:\/\/vivacite.services.mairie-sotteville-les-rouen.fr\/index.php?rest_route=\/wp\/v2\/types\/product"}],"wp:attachment":[{"href":"https:\/\/vivacite.services.mairie-sotteville-les-rouen.fr\/index.php?rest_route=%2Fwp%2Fv2%2Fmedia&parent=189"}],"curies":[{"name":"wp","href":"https:\/\/api.w.org\/{rel}","templated":true}]}}