{"id":183,"date":"2018-06-05T11:17:32","date_gmt":"2018-06-05T09:17:32","guid":{"rendered":"http:\/\/vivacite.services.mairie-sotteville-les-rouen.fr\/?post_type=product&#038;p=183"},"modified":"2019-06-24T11:28:35","modified_gmt":"2019-06-24T09:28:35","slug":"ne-le-dis-surtout-pas","status":"publish","type":"product","link":"https:\/\/vivacite.services.mairie-sotteville-les-rouen.fr\/?product=ne-le-dis-surtout-pas","title":{"rendered":"MUSEUM of the Moon"},"content":{"rendered":"<p>\u00ab Museum of the Moon \u00bb est la nouvelle oeuvre d\u2019art du plasticien britannique Luke Jerram, specialis\u00e9 dans les installations \u00e0 grande \u00e9chelle.<br \/>\nMesurant pr\u00e8s de sept m\u00e8tres de diam\u00e8tre, cette immense sph\u00e8re gonfl\u00e9e \u00e0 l\u2019h\u00e9lium et \u00e9clair\u00e9e de l\u2019int\u00e9rieur a \u00e9t\u00e9 fabriqu\u00e9 d\u2019apr\u00e8s des photos de la NASA pour proposer une repr\u00e9sentation ultra-r\u00e9aliste de la Lune. En plus d\u2019\u00eatre un exploit scientifique, Museum of the Moon est un miroir culturel illustrant les similitudes et les diff\u00e9rences culturelles de l\u2019humanit\u00e9 \u00e0 travers cet astre charg\u00e9 de croyances, de mythes et de r\u00eaves.<\/p>\n<p><strong>Vendredi en continu en 8 (ESPACE MARCEL LODS &#8211; IMMEUBLE DAUPHIN\u00c9)<\/strong><br \/>\n<strong>Samedi en continu en 8<\/strong><br \/>\n<strong>Dimanche en continu en 8<\/strong><\/p>\n","protected":false},"excerpt":{"rendered":"<p>LUKE JERRAM<\/p>\n","protected":false},"featured_media":0,"template":"","meta":[],"_links":{"self":[{"href":"https:\/\/vivacite.services.mairie-sotteville-les-rouen.fr\/index.php?rest_route=\/wp\/v2\/product\/183"}],"collection":[{"href":"https:\/\/vivacite.services.mairie-sotteville-les-rouen.fr\/index.php?rest_route=\/wp\/v2\/product"}],"about":[{"href":"https:\/\/vivacite.services.mairie-sotteville-les-rouen.fr\/index.php?rest_route=\/wp\/v2\/types\/product"}],"wp:attachment":[{"href":"https:\/\/vivacite.services.mairie-sotteville-les-rouen.fr\/index.php?rest_route=%2Fwp%2Fv2%2Fmedia&parent=183"}],"curies":[{"name":"wp","href":"https:\/\/api.w.org\/{rel}","templated":true}]}}