{"id":179,"date":"2018-06-05T10:56:05","date_gmt":"2018-06-05T08:56:05","guid":{"rendered":"http:\/\/vivacite.services.mairie-sotteville-les-rouen.fr\/?post_type=product&#038;p=179"},"modified":"2019-06-24T11:31:11","modified_gmt":"2019-06-24T09:31:11","slug":"le-petit-bestiaire-mecanique","status":"publish","type":"product","link":"https:\/\/vivacite.services.mairie-sotteville-les-rouen.fr\/?product=le-petit-bestiaire-mecanique","title":{"rendered":"Le cheval"},"content":{"rendered":"<p>Le Cheval est une forme courte extraite du court m\u00e9trage \u00e9ponyme r\u00e9alis\u00e9 par Seydou Boro en 2004. Dans les yeux des chevaux, on se voit. On voit le tango de nos vies. Comment tenir sa verticalit\u00e9 d\u2019homme et de femme dans une soci\u00e9t\u00e9 qui se d\u00e9lite ? Comment alors fa\u00e7onner nos convictions politiques d\u2019hommes int\u00e8gres ?<br \/>\nCette cr\u00e9ation tutoie l\u2019animal, pour parler des hommes. La danse est construite dans une tension avec la physicalit\u00e9 du cheval et celle du danseur et dans ce dialogue, bient\u00f4t, on ne sait plus qui est l\u2019animal.<\/p>\n<p><strong>Dimanche 12h15 et 17h30 en 1 (PARVIS DE L\u2019H\u00d4TEL DE VILLE)<\/strong><\/p>\n","protected":false},"excerpt":{"rendered":"<p>SEYDOU BORO<\/p>\n","protected":false},"featured_media":0,"template":"","meta":[],"_links":{"self":[{"href":"https:\/\/vivacite.services.mairie-sotteville-les-rouen.fr\/index.php?rest_route=\/wp\/v2\/product\/179"}],"collection":[{"href":"https:\/\/vivacite.services.mairie-sotteville-les-rouen.fr\/index.php?rest_route=\/wp\/v2\/product"}],"about":[{"href":"https:\/\/vivacite.services.mairie-sotteville-les-rouen.fr\/index.php?rest_route=\/wp\/v2\/types\/product"}],"wp:attachment":[{"href":"https:\/\/vivacite.services.mairie-sotteville-les-rouen.fr\/index.php?rest_route=%2Fwp%2Fv2%2Fmedia&parent=179"}],"curies":[{"name":"wp","href":"https:\/\/api.w.org\/{rel}","templated":true}]}}