{"id":175,"date":"2018-06-05T10:49:59","date_gmt":"2018-06-05T08:49:59","guid":{"rendered":"http:\/\/vivacite.services.mairie-sotteville-les-rouen.fr\/?post_type=product&#038;p=175"},"modified":"2019-06-24T11:32:32","modified_gmt":"2019-06-24T09:32:32","slug":"rapid-life-mouvement-r-l-m","status":"publish","type":"product","link":"https:\/\/vivacite.services.mairie-sotteville-les-rouen.fr\/?product=rapid-life-mouvement-r-l-m","title":{"rendered":"Scopitonne#1 M\u00e9moire Vive"},"content":{"rendered":"<p>Pour les 30 ans de Viva-Cit\u00e9, le Groupe ToNNe se penche sur la m\u00e9moire des habitants et recr\u00e9e les moments qui ont marqu\u00e9 le festival, avec ses propres moyens : du carton, des figurines en plastique, une remorque, une cam\u00e9ra, des feutres et des com\u00e9diens. Apr\u00e8s avoir rencontr\u00e9 les habitants dans les quartiers et r\u00e9aliser des courts-m\u00e9trages, il est temps de faire revivre cette m\u00e9moire sur un \u00e9cran de cin\u00e9ma itin\u00e9rant.<\/p>\n<p><strong>Vendredi 22h15 en 9 (ESPACE MARCEL LODS &#8211; TERRAIN DE SPORT)<\/strong><br \/>\n<strong>Samedi 17h &amp; 22h15 en 9<\/strong><br \/>\n<strong>Dimanche 14h15 en 9<\/strong><\/p>\n","protected":false},"excerpt":{"rendered":"<p>GROUPE TONNE<\/p>\n","protected":false},"featured_media":0,"template":"","meta":[],"_links":{"self":[{"href":"https:\/\/vivacite.services.mairie-sotteville-les-rouen.fr\/index.php?rest_route=\/wp\/v2\/product\/175"}],"collection":[{"href":"https:\/\/vivacite.services.mairie-sotteville-les-rouen.fr\/index.php?rest_route=\/wp\/v2\/product"}],"about":[{"href":"https:\/\/vivacite.services.mairie-sotteville-les-rouen.fr\/index.php?rest_route=\/wp\/v2\/types\/product"}],"wp:attachment":[{"href":"https:\/\/vivacite.services.mairie-sotteville-les-rouen.fr\/index.php?rest_route=%2Fwp%2Fv2%2Fmedia&parent=175"}],"curies":[{"name":"wp","href":"https:\/\/api.w.org\/{rel}","templated":true}]}}