{"id":173,"date":"2018-06-05T10:28:40","date_gmt":"2018-06-05T08:28:40","guid":{"rendered":"http:\/\/vivacite.services.mairie-sotteville-les-rouen.fr\/?post_type=product&#038;p=173"},"modified":"2019-06-24T11:36:22","modified_gmt":"2019-06-24T09:36:22","slug":"foucade","status":"publish","type":"product","link":"https:\/\/vivacite.services.mairie-sotteville-les-rouen.fr\/?product=foucade","title":{"rendered":"Cristal Palace, Bal au clair de lustre"},"content":{"rendered":"<p>Sp\u00e9cialement con\u00e7u pour la rue, un lustre monumental transforme la place publique en salle de bal. Une piste de danse, un orchestre suspendu, un bar, des acrobates, des personnages aux caract\u00e8res bien aff\u00fbt\u00e9s&#8230; La magie op\u00e8re et le bal devient spectacle. Le public, invit\u00e9 \u00e0 entrer dans la danse, danse, traverse les \u00e9poques, de la valse \u00e0 la techno, et le spectacle devient bal. 8 danseurs amateurs et 8 complices volontaires locaux sont associ\u00e9s \u00e0 l\u2019aventure aux c\u00f4t\u00e9s des artistes et de l\u2019\u00e9cole de musique.<\/p>\n<p><strong>Samedi 0h &amp; 1h10 en 2<\/strong><\/p>\n","protected":false},"excerpt":{"rendered":"<p>TRANSE EXPRESS<\/p>\n","protected":false},"featured_media":0,"template":"","meta":[],"_links":{"self":[{"href":"https:\/\/vivacite.services.mairie-sotteville-les-rouen.fr\/index.php?rest_route=\/wp\/v2\/product\/173"}],"collection":[{"href":"https:\/\/vivacite.services.mairie-sotteville-les-rouen.fr\/index.php?rest_route=\/wp\/v2\/product"}],"about":[{"href":"https:\/\/vivacite.services.mairie-sotteville-les-rouen.fr\/index.php?rest_route=\/wp\/v2\/types\/product"}],"wp:attachment":[{"href":"https:\/\/vivacite.services.mairie-sotteville-les-rouen.fr\/index.php?rest_route=%2Fwp%2Fv2%2Fmedia&parent=173"}],"curies":[{"name":"wp","href":"https:\/\/api.w.org\/{rel}","templated":true}]}}