{"id":169,"date":"2018-06-05T10:21:23","date_gmt":"2018-06-05T08:21:23","guid":{"rendered":"http:\/\/vivacite.services.mairie-sotteville-les-rouen.fr\/?post_type=product&#038;p=169"},"modified":"2019-06-24T11:42:07","modified_gmt":"2019-06-24T09:42:07","slug":"souffle","status":"publish","type":"product","link":"https:\/\/vivacite.services.mairie-sotteville-les-rouen.fr\/?product=souffle","title":{"rendered":"Ejo N\u2019ejo Bundi"},"content":{"rendered":"<p>Nous avons \u00e9cout\u00e9 et recueilli de pr\u00e9cieux r\u00e9cits aupr\u00e8s des survivants des g\u00e9nocides du 20\u00e8me si\u00e8cle. A travers les m\u00e9moires, mais aussi les<br \/>\n\u00e9poques et les continents. Comment transmettre cette parole ? Comment prononcer ce qui nous soul\u00e8ve ? Nous sommes fran\u00e7ais et rwandais. Nos histoires sont intimement li\u00e9es. Nous sommes une famille, des quatre coins du monde bless\u00e9.<\/p>\n<p><strong>Samedi 15h45 en 13 (ATELIER 231)<\/strong><br \/>\n<strong>Dimanche 16h45 en 13<\/strong><\/p>\n","protected":false},"excerpt":{"rendered":"<p>UZ ET COUTUMES<\/p>\n","protected":false},"featured_media":0,"template":"","meta":[],"_links":{"self":[{"href":"https:\/\/vivacite.services.mairie-sotteville-les-rouen.fr\/index.php?rest_route=\/wp\/v2\/product\/169"}],"collection":[{"href":"https:\/\/vivacite.services.mairie-sotteville-les-rouen.fr\/index.php?rest_route=\/wp\/v2\/product"}],"about":[{"href":"https:\/\/vivacite.services.mairie-sotteville-les-rouen.fr\/index.php?rest_route=\/wp\/v2\/types\/product"}],"wp:attachment":[{"href":"https:\/\/vivacite.services.mairie-sotteville-les-rouen.fr\/index.php?rest_route=%2Fwp%2Fv2%2Fmedia&parent=169"}],"curies":[{"name":"wp","href":"https:\/\/api.w.org\/{rel}","templated":true}]}}