{"id":167,"date":"2018-06-05T10:17:31","date_gmt":"2018-06-05T08:17:31","guid":{"rendered":"http:\/\/vivacite.services.mairie-sotteville-les-rouen.fr\/?post_type=product&#038;p=167"},"modified":"2019-06-24T11:42:31","modified_gmt":"2019-06-24T09:42:31","slug":"starsky-minute","status":"publish","type":"product","link":"https:\/\/vivacite.services.mairie-sotteville-les-rouen.fr\/?product=starsky-minute","title":{"rendered":"Installation d&rsquo;une catastrophe"},"content":{"rendered":"<p>L\u2019installation est construite autour de la m\u00e9moire du g\u00e9nocide des Tutsi au Rwanda : les v\u00eatements et les empreintes de corps v\u00eatus des absents et l\u2019\u00e9coute des voix des rescap\u00e9s. Un espace \u00e0 ciel ouvert, une trace de \u00ab ce pass\u00e9 qui ne passe pas \u00bb, une tentative testimoniale face aux injures de l\u2019amn\u00e9sie et du r\u00e9visionnisme. Elle s\u2019inscrit dans un parcours ininterrompu de relations entre la France et le Rwanda.<br \/>\nCette installation compl\u00e8te le spectacle <a href=\"http:\/\/vivacite.services.mairie-sotteville-les-rouen.fr\/?product=souffle\">EJO N\u2019EJO BUNDI.<\/a><\/p>\n<p><strong>Samedi 14h30 \u00e0 20h en 13<\/strong><br \/>\n<strong>Dimanche 14h30 \u00e0 19h30 en 13<\/strong><\/p>\n","protected":false},"excerpt":{"rendered":"<p>UZ ET COUTUMES<\/p>\n","protected":false},"featured_media":0,"template":"","meta":[],"_links":{"self":[{"href":"https:\/\/vivacite.services.mairie-sotteville-les-rouen.fr\/index.php?rest_route=\/wp\/v2\/product\/167"}],"collection":[{"href":"https:\/\/vivacite.services.mairie-sotteville-les-rouen.fr\/index.php?rest_route=\/wp\/v2\/product"}],"about":[{"href":"https:\/\/vivacite.services.mairie-sotteville-les-rouen.fr\/index.php?rest_route=\/wp\/v2\/types\/product"}],"wp:attachment":[{"href":"https:\/\/vivacite.services.mairie-sotteville-les-rouen.fr\/index.php?rest_route=%2Fwp%2Fv2%2Fmedia&parent=167"}],"curies":[{"name":"wp","href":"https:\/\/api.w.org\/{rel}","templated":true}]}}