{"id":165,"date":"2018-06-05T10:13:41","date_gmt":"2018-06-05T08:13:41","guid":{"rendered":"http:\/\/vivacite.services.mairie-sotteville-les-rouen.fr\/?post_type=product&#038;p=165"},"modified":"2019-06-24T11:43:09","modified_gmt":"2019-06-24T09:43:09","slug":"corps-de-bois","status":"publish","type":"product","link":"https:\/\/vivacite.services.mairie-sotteville-les-rouen.fr\/?product=corps-de-bois","title":{"rendered":"Souk, une autre histoire du Maghreb"},"content":{"rendered":"<p>Un hommage \u00e0 la litt\u00e9rature d\u2019Afrique du Nord, pour les passants, les clients, les convives&#8230; Une chorba en pr\u00e9paration, des livres comme outils de R\u00e9sistance et un \u00e9tal pas tout \u00e0 fait comme les autres\u2026 Une \u00e9pop\u00e9e \u00e9pic\u00e9e et litt\u00e9raire pour se rencontrer l\u00e0 o\u00f9 nous sommes : dans la rue, au coeur du Souk.<\/p>\n<p><strong>Dimanche d\u00e8s 8h30 (Souk)\/ 11h15 (d\u00e9ambulation) \/ 12h30 (La Chorba)\u00a0 en 2<\/strong><\/p>\n","protected":false},"excerpt":{"rendered":"<p>UZ ET COUTUMES<\/p>\n","protected":false},"featured_media":0,"template":"","meta":[],"_links":{"self":[{"href":"https:\/\/vivacite.services.mairie-sotteville-les-rouen.fr\/index.php?rest_route=\/wp\/v2\/product\/165"}],"collection":[{"href":"https:\/\/vivacite.services.mairie-sotteville-les-rouen.fr\/index.php?rest_route=\/wp\/v2\/product"}],"about":[{"href":"https:\/\/vivacite.services.mairie-sotteville-les-rouen.fr\/index.php?rest_route=\/wp\/v2\/types\/product"}],"wp:attachment":[{"href":"https:\/\/vivacite.services.mairie-sotteville-les-rouen.fr\/index.php?rest_route=%2Fwp%2Fv2%2Fmedia&parent=165"}],"curies":[{"name":"wp","href":"https:\/\/api.w.org\/{rel}","templated":true}]}}