{"id":161,"date":"2018-06-05T10:06:06","date_gmt":"2018-06-05T08:06:06","guid":{"rendered":"http:\/\/vivacite.services.mairie-sotteville-les-rouen.fr\/?post_type=product&#038;p=161"},"modified":"2019-06-24T11:44:49","modified_gmt":"2019-06-24T09:44:49","slug":"la-femme-canon","status":"publish","type":"product","link":"https:\/\/vivacite.services.mairie-sotteville-les-rouen.fr\/?product=la-femme-canon","title":{"rendered":"De chair et d&rsquo;acier"},"content":{"rendered":"<p>Il y a l\u2019endroit, et&#8230; il y a l\u2019envers. D\u2019abord l\u2019endroit, deux artistes de cirque mis en cage pour divertir le public, une grue et son machiniste,<br \/>\nsombres gardiens surveillant l\u2019attraction foraine. Puis l\u2019envers, l\u2019\u00e9vasion, la qu\u00eate de libert\u00e9 des deux prisonniers qui tentent, par tous les moyens, d\u2019\u00e9chapper au contr\u00f4le de leur ge\u00f4lier de chair et d\u2019acier.<\/p>\n<p><strong>Vendredi 23h en L<\/strong><br \/>\n<strong>Samedi 23h en L<\/strong><br \/>\n<strong>Dimanche 14h45 en L<\/strong><\/p>\n","protected":false},"excerpt":{"rendered":"<p>100 RACINES<\/p>\n","protected":false},"featured_media":0,"template":"","meta":[],"_links":{"self":[{"href":"https:\/\/vivacite.services.mairie-sotteville-les-rouen.fr\/index.php?rest_route=\/wp\/v2\/product\/161"}],"collection":[{"href":"https:\/\/vivacite.services.mairie-sotteville-les-rouen.fr\/index.php?rest_route=\/wp\/v2\/product"}],"about":[{"href":"https:\/\/vivacite.services.mairie-sotteville-les-rouen.fr\/index.php?rest_route=\/wp\/v2\/types\/product"}],"wp:attachment":[{"href":"https:\/\/vivacite.services.mairie-sotteville-les-rouen.fr\/index.php?rest_route=%2Fwp%2Fv2%2Fmedia&parent=161"}],"curies":[{"name":"wp","href":"https:\/\/api.w.org\/{rel}","templated":true}]}}