{"id":157,"date":"2018-06-05T09:58:57","date_gmt":"2018-06-05T07:58:57","guid":{"rendered":"http:\/\/vivacite.services.mairie-sotteville-les-rouen.fr\/?post_type=product&#038;p=157"},"modified":"2019-06-24T11:46:06","modified_gmt":"2019-06-24T09:46:06","slug":"presta","status":"publish","type":"product","link":"https:\/\/vivacite.services.mairie-sotteville-les-rouen.fr\/?product=presta","title":{"rendered":"MilleFeuilles"},"content":{"rendered":"<p>Dans la p\u00e9nombre, le public d\u00e9couvre des installations qu\u2019il \u00e9claire \u00e0 la lampe de poche. Tout un monde de papier d\u00e9coup\u00e9 se d\u00e9voile, au gr\u00e9 des jeux d\u2019ombres et au fil d\u2019histoires en pop-up. Une exp\u00e9rience immersive m\u00ealant l\u2019univers des livres anim\u00e9s et une forme contemporaine de th\u00e9\u00e2tre de papier.<\/p>\n<p><strong>DANS LA LIMITE DES PLACES DISPONIBLES<\/strong><br \/>\n<strong>R\u00c9SERVATION \u00c0 L\u2019ACCUEIL PUBLIC<\/strong><\/p>\n<p><strong>Samedi 11h &amp; 12h30 &amp; 17h &amp; 18h30<\/strong><br \/>\n<strong>Dimanche 11h &amp; 12h30 &amp; 14h &amp; 15h30<\/strong><\/p>\n","protected":false},"excerpt":{"rendered":"<p>COMPAGNIE ARESKI<\/p>\n","protected":false},"featured_media":0,"template":"","meta":[],"_links":{"self":[{"href":"https:\/\/vivacite.services.mairie-sotteville-les-rouen.fr\/index.php?rest_route=\/wp\/v2\/product\/157"}],"collection":[{"href":"https:\/\/vivacite.services.mairie-sotteville-les-rouen.fr\/index.php?rest_route=\/wp\/v2\/product"}],"about":[{"href":"https:\/\/vivacite.services.mairie-sotteville-les-rouen.fr\/index.php?rest_route=\/wp\/v2\/types\/product"}],"wp:attachment":[{"href":"https:\/\/vivacite.services.mairie-sotteville-les-rouen.fr\/index.php?rest_route=%2Fwp%2Fv2%2Fmedia&parent=157"}],"curies":[{"name":"wp","href":"https:\/\/api.w.org\/{rel}","templated":true}]}}