{"id":155,"date":"2018-06-05T09:54:54","date_gmt":"2018-06-05T07:54:54","guid":{"rendered":"http:\/\/vivacite.services.mairie-sotteville-les-rouen.fr\/?post_type=product&#038;p=155"},"modified":"2019-06-24T11:47:03","modified_gmt":"2019-06-24T09:47:03","slug":"parresia2","status":"publish","type":"product","link":"https:\/\/vivacite.services.mairie-sotteville-les-rouen.fr\/?product=parresia2","title":{"rendered":"Ni Geux ni Ma\u00eetres"},"content":{"rendered":"<p>Quelle place reste-t-il \u00e0 la lutte aujourd\u2019hui ? Quels id\u00e9aux nous animent ? Quel moteur nous meut ?<br \/>\nEst ce qu\u2019il vaut mieux la guerre ou la paix ? Qui ram\u00e8ne les merguez ? Qu\u2019allons nous devenir ?<br \/>\nDu Tolsto\u00ef \u00e0 paillettes, du th\u00e9\u00e2tre forain, de la bonne ambiance, des apparitions, de la sueur, des visages masqu\u00e9s\u2026 Surprises garanties, plaisir assur\u00e9, \u00e0 tous les coups \u00e7a gagne !<\/p>\n<p><strong>Vendredi 21h45 en 17<\/strong><br \/>\n<strong>Samedi 21h30 en 17<\/strong><br \/>\n<strong>Dimanche 16h en 17<\/strong><\/p>\n","protected":false},"excerpt":{"rendered":"<p>LES ARRACHEURS DE DENTS<\/p>\n","protected":false},"featured_media":0,"template":"","meta":[],"_links":{"self":[{"href":"https:\/\/vivacite.services.mairie-sotteville-les-rouen.fr\/index.php?rest_route=\/wp\/v2\/product\/155"}],"collection":[{"href":"https:\/\/vivacite.services.mairie-sotteville-les-rouen.fr\/index.php?rest_route=\/wp\/v2\/product"}],"about":[{"href":"https:\/\/vivacite.services.mairie-sotteville-les-rouen.fr\/index.php?rest_route=\/wp\/v2\/types\/product"}],"wp:attachment":[{"href":"https:\/\/vivacite.services.mairie-sotteville-les-rouen.fr\/index.php?rest_route=%2Fwp%2Fv2%2Fmedia&parent=155"}],"curies":[{"name":"wp","href":"https:\/\/api.w.org\/{rel}","templated":true}]}}