{"id":151,"date":"2018-05-31T17:26:06","date_gmt":"2018-05-31T15:26:06","guid":{"rendered":"http:\/\/vivacite.services.mairie-sotteville-les-rouen.fr\/?post_type=product&#038;p=151"},"modified":"2019-06-24T11:48:20","modified_gmt":"2019-06-24T09:48:20","slug":"uht","status":"publish","type":"product","link":"https:\/\/vivacite.services.mairie-sotteville-les-rouen.fr\/?product=uht","title":{"rendered":"Apr\u00e8s moi le d\u00e9luge"},"content":{"rendered":"<p>R\u00e9cit initiatique des aventures d\u2019un doux na\u00eff \u00e0 la recherche d\u2019un monde meilleur, revisit\u00e9es avec auto-d\u00e9rision et lucidit\u00e9.<br \/>\nJeune, vieux, utopiste, r\u00e9sign\u00e9, gaucher ou droitier, chacun trouvera dans cette histoire un bout de lui-m\u00eame.<\/p>\n<p><strong>Vendredi 19h30 en 21<br \/>\n<\/strong><strong>Samedi 16h + 19h30 en 21<br \/>\n<\/strong><strong>Dimanche 13h en 21<br \/>\n<\/strong><\/p>\n","protected":false},"excerpt":{"rendered":"<p>AVEC DES G\u00c9RANIUMS<\/p>\n","protected":false},"featured_media":0,"template":"","meta":[],"_links":{"self":[{"href":"https:\/\/vivacite.services.mairie-sotteville-les-rouen.fr\/index.php?rest_route=\/wp\/v2\/product\/151"}],"collection":[{"href":"https:\/\/vivacite.services.mairie-sotteville-les-rouen.fr\/index.php?rest_route=\/wp\/v2\/product"}],"about":[{"href":"https:\/\/vivacite.services.mairie-sotteville-les-rouen.fr\/index.php?rest_route=\/wp\/v2\/types\/product"}],"wp:attachment":[{"href":"https:\/\/vivacite.services.mairie-sotteville-les-rouen.fr\/index.php?rest_route=%2Fwp%2Fv2%2Fmedia&parent=151"}],"curies":[{"name":"wp","href":"https:\/\/api.w.org\/{rel}","templated":true}]}}