{"id":149,"date":"2018-05-31T17:16:02","date_gmt":"2018-05-31T15:16:02","guid":{"rendered":"http:\/\/vivacite.services.mairie-sotteville-les-rouen.fr\/?post_type=product&#038;p=149"},"modified":"2019-06-24T11:49:01","modified_gmt":"2019-06-24T09:49:01","slug":"eat","status":"publish","type":"product","link":"https:\/\/vivacite.services.mairie-sotteville-les-rouen.fr\/?product=eat","title":{"rendered":"Glaucos"},"content":{"rendered":"<p>Le bateau tangue secou\u00e9 par la mer et les vagues. Glaucos, figure marine de la mythologie grecque, fait swinguer le navire, cabrer la poupe et am\u00e8ne d\u2019\u00e9nergiques matelots \u00e0 d\u00e9fier les r\u00e8gles de la gravit\u00e9 terrestre en r\u00e9alisant torsions et propulsions dans une performance proche des disciplines du cirque. Une composition originale \u00e0 la guitare conf\u00e8re \u00e0 cette travers\u00e9e un charme de conte populaire.<\/p>\n<p><strong>Vendredi 22h10 en 23<\/strong><br \/>\n<strong>Samedi 20h30\u00a0 en 23<\/strong><br \/>\n<strong>Dimanche 15h30 en 23<\/strong><\/p>\n<p>&nbsp;<\/p>\n","protected":false},"excerpt":{"rendered":"<p>BAKHUS<\/p>\n","protected":false},"featured_media":0,"template":"","meta":[],"_links":{"self":[{"href":"https:\/\/vivacite.services.mairie-sotteville-les-rouen.fr\/index.php?rest_route=\/wp\/v2\/product\/149"}],"collection":[{"href":"https:\/\/vivacite.services.mairie-sotteville-les-rouen.fr\/index.php?rest_route=\/wp\/v2\/product"}],"about":[{"href":"https:\/\/vivacite.services.mairie-sotteville-les-rouen.fr\/index.php?rest_route=\/wp\/v2\/types\/product"}],"wp:attachment":[{"href":"https:\/\/vivacite.services.mairie-sotteville-les-rouen.fr\/index.php?rest_route=%2Fwp%2Fv2%2Fmedia&parent=149"}],"curies":[{"name":"wp","href":"https:\/\/api.w.org\/{rel}","templated":true}]}}