{"id":143,"date":"2018-05-31T16:44:49","date_gmt":"2018-05-31T14:44:49","guid":{"rendered":"http:\/\/vivacite.services.mairie-sotteville-les-rouen.fr\/?post_type=product&#038;p=143"},"modified":"2019-06-24T11:51:30","modified_gmt":"2019-06-24T09:51:30","slug":"bouc-de-la","status":"publish","type":"product","link":"https:\/\/vivacite.services.mairie-sotteville-les-rouen.fr\/?product=bouc-de-la","title":{"rendered":"Les lecteurs publics"},"content":{"rendered":"<p>Trois personnages qui lisent de grands textes au public. Quels textes pr\u00eateront leurs mots \u00e0 nos lectures ? Tous les textes ! La po\u00e9sie, le t\u00e9moignage, des extraits de romans c\u00e9l\u00e8bres ou inconnus, d\u2019auteurs belges ou \u00e9trangers, mais aussi des chansons, des sc\u00e8nes de th\u00e9\u00e2tre, des articles de journaux, des discours c\u00e9l\u00e8bres, et bien s\u00fbr, des livres pour enfants. Tous les tons se d\u00e9clineront : comique, tragique, po\u00e9tique, engag\u00e9, d\u00e9gag\u00e9, pour enfants ou pour adultes.<\/p>\n<p><strong>DANS LA LIMITE DES PLACES DISPONIBLES<\/strong><\/p>\n<p><strong>Vendredi 19h30 en G<\/strong><br \/>\n<strong>Samedi 12h30 &amp; 14h45 &amp; 17h en G<br \/>\nDimanche 14h &amp; 16h45 en G<\/strong><\/p>\n","protected":false},"excerpt":{"rendered":"<p>LA COMPAGNIE DES BONIMENTEURS<\/p>\n","protected":false},"featured_media":0,"template":"","meta":[],"_links":{"self":[{"href":"https:\/\/vivacite.services.mairie-sotteville-les-rouen.fr\/index.php?rest_route=\/wp\/v2\/product\/143"}],"collection":[{"href":"https:\/\/vivacite.services.mairie-sotteville-les-rouen.fr\/index.php?rest_route=\/wp\/v2\/product"}],"about":[{"href":"https:\/\/vivacite.services.mairie-sotteville-les-rouen.fr\/index.php?rest_route=\/wp\/v2\/types\/product"}],"wp:attachment":[{"href":"https:\/\/vivacite.services.mairie-sotteville-les-rouen.fr\/index.php?rest_route=%2Fwp%2Fv2%2Fmedia&parent=143"}],"curies":[{"name":"wp","href":"https:\/\/api.w.org\/{rel}","templated":true}]}}