{"id":136,"date":"2018-05-31T16:17:24","date_gmt":"2018-05-31T14:17:24","guid":{"rendered":"http:\/\/vivacite.services.mairie-sotteville-les-rouen.fr\/?post_type=product&#038;p=136"},"modified":"2019-06-24T11:54:30","modified_gmt":"2019-06-24T09:54:30","slug":"une-vue-de-lesprit","status":"publish","type":"product","link":"https:\/\/vivacite.services.mairie-sotteville-les-rouen.fr\/?product=une-vue-de-lesprit","title":{"rendered":"L&rsquo;\u00eatre recommand\u00e9"},"content":{"rendered":"<p>Arti tente la difficile entreprise de devenir artiste feutriste \u00e0 l\u2019\u00e2ge de 48 ans&#8230; Equip\u00e9 de sa boite \u00e0 couleurs \u00abBaignol et Farjon\u00bb et de son courage, il s\u2019est donn\u00e9 pour mission de reproduire, d\u2019embellir, de coloriser tous les visages ternis par le gris de la morosit\u00e9 ambiante&#8230; Et \u00e7a marche !<\/p>\n<p><strong>Vendredi 20h40 en 20<\/strong><br \/>\n<strong>Samedi 14h30 &amp; 16h45 en 20<\/strong><br \/>\n<strong>Dimanche 14h55 en 20<\/strong><\/p>\n","protected":false},"excerpt":{"rendered":"<p>CARNAGE PRODUCTION<\/p>\n","protected":false},"featured_media":0,"template":"","meta":[],"_links":{"self":[{"href":"https:\/\/vivacite.services.mairie-sotteville-les-rouen.fr\/index.php?rest_route=\/wp\/v2\/product\/136"}],"collection":[{"href":"https:\/\/vivacite.services.mairie-sotteville-les-rouen.fr\/index.php?rest_route=\/wp\/v2\/product"}],"about":[{"href":"https:\/\/vivacite.services.mairie-sotteville-les-rouen.fr\/index.php?rest_route=\/wp\/v2\/types\/product"}],"wp:attachment":[{"href":"https:\/\/vivacite.services.mairie-sotteville-les-rouen.fr\/index.php?rest_route=%2Fwp%2Fv2%2Fmedia&parent=136"}],"curies":[{"name":"wp","href":"https:\/\/api.w.org\/{rel}","templated":true}]}}