{"id":134,"date":"2018-05-31T16:11:10","date_gmt":"2018-05-31T14:11:10","guid":{"rendered":"http:\/\/vivacite.services.mairie-sotteville-les-rouen.fr\/?post_type=product&#038;p=134"},"modified":"2019-06-24T11:55:05","modified_gmt":"2019-06-24T09:55:05","slug":"transhumans","status":"publish","type":"product","link":"https:\/\/vivacite.services.mairie-sotteville-les-rouen.fr\/?product=transhumans","title":{"rendered":"L&rsquo;alcazar, l&rsquo;envers d&rsquo;un music-hall"},"content":{"rendered":"<p>Bienvenue \u00e0 L\u2019Alcazar, au Music-hall, ou devrions nous dire, l\u2019envers d\u2019un Music-hall&#8230;! Spectacle de l\u2019intime et de l\u2019envers en 3 actes! Les spectateurs sont plong\u00e9s dans les d\u00e9tails quasi cin\u00e9matographiques des coulisses d\u2019un music-hall de province \u00e0 la veille de la guerre 14-18. \u00c0 travers les fen\u00eatres d\u2019une tente o\u00f9 ils glissent leur t\u00eate, ils entrent dans ce th\u00e9\u00e2tre priv\u00e9.<br \/>\nVoyeurs ou figurants, ils deviennent les t\u00e9moins des confidences entre trois artistes.<\/p>\n<p><strong>Vendredi 21h20 &amp; 22h30 en 7<\/strong><br \/>\n<strong>Samedi 14h &amp; 17h &amp; 19h40 en 7<\/strong><br \/>\n<strong>Dimanche 12h &amp; 14h15 &amp; 16h30 en 7<\/strong><\/p>\n","protected":false},"excerpt":{"rendered":"<p>CHAP&rsquo; DE LUNE<\/p>\n","protected":false},"featured_media":0,"template":"","meta":[],"_links":{"self":[{"href":"https:\/\/vivacite.services.mairie-sotteville-les-rouen.fr\/index.php?rest_route=\/wp\/v2\/product\/134"}],"collection":[{"href":"https:\/\/vivacite.services.mairie-sotteville-les-rouen.fr\/index.php?rest_route=\/wp\/v2\/product"}],"about":[{"href":"https:\/\/vivacite.services.mairie-sotteville-les-rouen.fr\/index.php?rest_route=\/wp\/v2\/types\/product"}],"wp:attachment":[{"href":"https:\/\/vivacite.services.mairie-sotteville-les-rouen.fr\/index.php?rest_route=%2Fwp%2Fv2%2Fmedia&parent=134"}],"curies":[{"name":"wp","href":"https:\/\/api.w.org\/{rel}","templated":true}]}}