{"id":124,"date":"2018-05-31T15:06:32","date_gmt":"2018-05-31T13:06:32","guid":{"rendered":"http:\/\/vivacite.services.mairie-sotteville-les-rouen.fr\/?post_type=product&#038;p=124"},"modified":"2019-06-24T11:58:35","modified_gmt":"2019-06-24T09:58:35","slug":"la-traque","status":"publish","type":"product","link":"https:\/\/vivacite.services.mairie-sotteville-les-rouen.fr\/?product=la-traque","title":{"rendered":"Ami(s)"},"content":{"rendered":"<p>Il para\u00eet que le temps qui passe, nos obligations, nos \u00e9crans et nos sachets de soupe individuels interf\u00e8rent sur l\u2019amiti\u00e9 ! Il parait que le chien reste le meilleur ami de l\u2019homme ! Pour parler d\u2019amiti\u00e9, donnons-lui la parole&#8230;<\/p>\n<p><strong>VENDREDI 22h30 en 16<\/strong><br \/>\n<strong>SAMEDI 11h45 &amp; 14h en 16<\/strong><\/p>\n","protected":false},"excerpt":{"rendered":"<p>GROUPE D\u00c9J\u00c0<\/p>\n","protected":false},"featured_media":0,"template":"","meta":[],"_links":{"self":[{"href":"https:\/\/vivacite.services.mairie-sotteville-les-rouen.fr\/index.php?rest_route=\/wp\/v2\/product\/124"}],"collection":[{"href":"https:\/\/vivacite.services.mairie-sotteville-les-rouen.fr\/index.php?rest_route=\/wp\/v2\/product"}],"about":[{"href":"https:\/\/vivacite.services.mairie-sotteville-les-rouen.fr\/index.php?rest_route=\/wp\/v2\/types\/product"}],"wp:attachment":[{"href":"https:\/\/vivacite.services.mairie-sotteville-les-rouen.fr\/index.php?rest_route=%2Fwp%2Fv2%2Fmedia&parent=124"}],"curies":[{"name":"wp","href":"https:\/\/api.w.org\/{rel}","templated":true}]}}