{"id":122,"date":"2018-05-31T15:00:34","date_gmt":"2018-05-31T13:00:34","guid":{"rendered":"http:\/\/vivacite.services.mairie-sotteville-les-rouen.fr\/?post_type=product&#038;p=122"},"modified":"2019-06-24T11:59:17","modified_gmt":"2019-06-24T09:59:17","slug":"squash","status":"publish","type":"product","link":"https:\/\/vivacite.services.mairie-sotteville-les-rouen.fr\/?product=squash","title":{"rendered":"Frigo [Opus 2]"},"content":{"rendered":"<p>Deuxi\u00e8me opus de Frigo, solo de clown &#8211; orbitalement v\u00f4tre. Frigo, personnage corrosif et attachant s\u2019\u00e9prend d\u2019un projet aussi absurde que vital. Celui de d\u00e9coller. Harnach\u00e9 \u00e0 son fid\u00e8le acolyte, son r\u00e9frig\u00e9rateur transform\u00e9 en fus\u00e9e. C\u2019est dans cette confrontation cartoonesque d\u2019a\u00e9rien et de pesanteur, que notre clown amorcera le d\u00e9tonateur de ce qu\u2019il est : un provocateur (d\u2019empathie) et un improvisateur de rue.<\/p>\n<p><strong>VENDREDI 19h50 en Q<\/strong><br \/>\n<strong>SAMEDI 15h &amp; 17h45 en Q<br \/>\nDIMANCHE 15h45 en Q<\/strong><\/p>\n","protected":false},"excerpt":{"rendered":"<p>DIS BONJOUR \u00c0 LA DAME<\/p>\n","protected":false},"featured_media":0,"template":"","meta":[],"_links":{"self":[{"href":"https:\/\/vivacite.services.mairie-sotteville-les-rouen.fr\/index.php?rest_route=\/wp\/v2\/product\/122"}],"collection":[{"href":"https:\/\/vivacite.services.mairie-sotteville-les-rouen.fr\/index.php?rest_route=\/wp\/v2\/product"}],"about":[{"href":"https:\/\/vivacite.services.mairie-sotteville-les-rouen.fr\/index.php?rest_route=\/wp\/v2\/types\/product"}],"wp:attachment":[{"href":"https:\/\/vivacite.services.mairie-sotteville-les-rouen.fr\/index.php?rest_route=%2Fwp%2Fv2%2Fmedia&parent=122"}],"curies":[{"name":"wp","href":"https:\/\/api.w.org\/{rel}","templated":true}]}}