{"id":112,"date":"2018-05-31T14:32:11","date_gmt":"2018-05-31T12:32:11","guid":{"rendered":"http:\/\/vivacite.services.mairie-sotteville-les-rouen.fr\/?post_type=product&#038;p=112"},"modified":"2019-06-24T12:02:11","modified_gmt":"2019-06-24T10:02:11","slug":"ktha","status":"publish","type":"product","link":"https:\/\/vivacite.services.mairie-sotteville-les-rouen.fr\/?product=ktha","title":{"rendered":"R\u00eave d&rsquo;une poule ridicule"},"content":{"rendered":"<p>Trois femmes, les soeurs Poulardovski, travaillent \u00e0 la cha\u00eene dans ce qui semblerait \u00eatre une batterie d\u2019\u00e9levage intensif de poulets. Ce jour-l\u00e0, elles tombent sur un oeuf. La poule ch\u00e9tive et ridicule qui en sort va bouleverser leur cha\u00eene et leurs habitudes. Elles vont, chacune \u00e0 leur mani\u00e8re, tenter de sauver leurs restes d\u2019humanit\u00e9 en choyant les r\u00eaves de cette pauvre poule \u00e9puis\u00e9e.<\/p>\n<p><strong>VENDREDI 20h40 en K<br \/>\nSAMEDI 12h &amp; 15h40 &amp; 18h30 en K<\/strong><\/p>\n","protected":false},"excerpt":{"rendered":"<p>LA CIE DE L\u2019HYPPOF\u00c9ROCE<\/p>\n","protected":false},"featured_media":0,"template":"","meta":[],"_links":{"self":[{"href":"https:\/\/vivacite.services.mairie-sotteville-les-rouen.fr\/index.php?rest_route=\/wp\/v2\/product\/112"}],"collection":[{"href":"https:\/\/vivacite.services.mairie-sotteville-les-rouen.fr\/index.php?rest_route=\/wp\/v2\/product"}],"about":[{"href":"https:\/\/vivacite.services.mairie-sotteville-les-rouen.fr\/index.php?rest_route=\/wp\/v2\/types\/product"}],"wp:attachment":[{"href":"https:\/\/vivacite.services.mairie-sotteville-les-rouen.fr\/index.php?rest_route=%2Fwp%2Fv2%2Fmedia&parent=112"}],"curies":[{"name":"wp","href":"https:\/\/api.w.org\/{rel}","templated":true}]}}