{"id":104,"date":"2018-05-31T14:13:28","date_gmt":"2018-05-31T12:13:28","guid":{"rendered":"http:\/\/vivacite.services.mairie-sotteville-les-rouen.fr\/?post_type=product&#038;p=104"},"modified":"2019-06-24T13:50:14","modified_gmt":"2019-06-24T11:50:14","slug":"ae-les-annees","status":"publish","type":"product","link":"https:\/\/vivacite.services.mairie-sotteville-les-rouen.fr\/?product=ae-les-annees","title":{"rendered":"Les madeleines de poulpes"},"content":{"rendered":"<p>1. Pr\u00e9chauffez le public \u00e0 180\u00b0C.<br \/>\n2. M\u00e9langez \u00e0 l\u2019aide de skis, du rire et cinq acrobates.<br \/>\n3. Ajoutez au fur et \u00e0 mesure les sangles et le m\u00e2t chinois,<br \/>\n4. Incorporez le poulpe finement \u00e9minc\u00e9. Remuez vivement jusqu\u2019\u00e0 ce que les souvenirs remontent.<br \/>\n5. Faites cuire pendant 45 minutes.<\/p>\n<p>Laissez-vous emporter par ces madeleines d\u00e9jant\u00e9es, \u00e9nergiques et musicales. Chaque bouch\u00e9e est un hymne au plaisir et \u00e0 la d\u00e9couverte !<\/p>\n<p><strong>VENDREDI 21h05 en J<br \/>\nSAMEDI 16h en J<br \/>\nDIMANCHE 15h40 en J<\/strong><\/p>\n","protected":false},"excerpt":{"rendered":"<p>KADAVRESKY<\/p>\n","protected":false},"featured_media":0,"template":"","meta":[],"_links":{"self":[{"href":"https:\/\/vivacite.services.mairie-sotteville-les-rouen.fr\/index.php?rest_route=\/wp\/v2\/product\/104"}],"collection":[{"href":"https:\/\/vivacite.services.mairie-sotteville-les-rouen.fr\/index.php?rest_route=\/wp\/v2\/product"}],"about":[{"href":"https:\/\/vivacite.services.mairie-sotteville-les-rouen.fr\/index.php?rest_route=\/wp\/v2\/types\/product"}],"wp:attachment":[{"href":"https:\/\/vivacite.services.mairie-sotteville-les-rouen.fr\/index.php?rest_route=%2Fwp%2Fv2%2Fmedia&parent=104"}],"curies":[{"name":"wp","href":"https:\/\/api.w.org\/{rel}","templated":true}]}}