{"id":102,"date":"2018-05-31T14:08:53","date_gmt":"2018-05-31T12:08:53","guid":{"rendered":"http:\/\/vivacite.services.mairie-sotteville-les-rouen.fr\/?post_type=product&#038;p=102"},"modified":"2019-06-24T13:50:49","modified_gmt":"2019-06-24T11:50:49","slug":"attentifs-ensemble","status":"publish","type":"product","link":"https:\/\/vivacite.services.mairie-sotteville-les-rouen.fr\/?product=attentifs-ensemble","title":{"rendered":"2 points 0"},"content":{"rendered":"<p>Venez d\u00e9couvrir le solo performatif et controvers\u00e9 de D\u00e9m\u00e9trio V.<br \/>\nCr\u00e9\u00e9e en 1978, cette oeuvre proph\u00e9tique qualifi\u00e9e de non coh\u00e9rente par une partie de la critique, \u00e9chappe au sens tout en le cr\u00e9ant. Cet artiste andro\u00efde, d\u00e9clare pouvoir int\u00e9grer quiconque souhaite p\u00e9n\u00e9trer son univers. Humour, trag\u00e9die et imposture se connectent \u00e0 nos fils neuronaux.<\/p>\n<p><strong>VENDREDI 22h45 en 21<br \/>\nSAMEDI 22h45 en 21<\/strong><\/p>\n","protected":false},"excerpt":{"rendered":"<p>KIROUL<\/p>\n","protected":false},"featured_media":0,"template":"","meta":[],"_links":{"self":[{"href":"https:\/\/vivacite.services.mairie-sotteville-les-rouen.fr\/index.php?rest_route=\/wp\/v2\/product\/102"}],"collection":[{"href":"https:\/\/vivacite.services.mairie-sotteville-les-rouen.fr\/index.php?rest_route=\/wp\/v2\/product"}],"about":[{"href":"https:\/\/vivacite.services.mairie-sotteville-les-rouen.fr\/index.php?rest_route=\/wp\/v2\/types\/product"}],"wp:attachment":[{"href":"https:\/\/vivacite.services.mairie-sotteville-les-rouen.fr\/index.php?rest_route=%2Fwp%2Fv2%2Fmedia&parent=102"}],"curies":[{"name":"wp","href":"https:\/\/api.w.org\/{rel}","templated":true}]}}