{"id":371,"date":"2018-06-08T17:54:57","date_gmt":"2018-06-08T15:54:57","guid":{"rendered":"http:\/\/vivacite.services.mairie-sotteville-les-rouen.fr\/?page_id=371"},"modified":"2019-06-24T14:25:53","modified_gmt":"2019-06-24T12:25:53","slug":"pratique","status":"publish","type":"page","link":"https:\/\/vivacite.services.mairie-sotteville-les-rouen.fr\/?page_id=371","title":{"rendered":"PRATIQUE"},"content":{"rendered":"<h3>Point Informations \/ accueil du public<\/h3>\n<div class=\"wpsl-locations-details\"><span><strong>Accueil du public<\/strong><\/span><div class=\"wpsl-location-address\"><span>Bois de la Garenne<\/span><br\/><\/div><div class=\"wpsl-contact-details\"><\/div><div class=\"wpsl-location-directions\"><p><a  target=\"_blank\" href=\"https:\/\/maps.google.com\/maps?saddr=&#038;daddr=Bois+de+la+Garenne%2CSotteville+les+Rouen%2CFrance&#038;travelmode=driving\">Itin\u00e9raire<\/a><\/p><\/div><\/div>\n<hr \/>\n<h3>Parking handicap\u00e9s<\/h3>\n<div class=\"wpsl-locations-details\"><span><strong>Parking handicap\u00e9s Biblioth\u00e8que<\/strong><\/span><div class=\"wpsl-location-address\"><span>Bois de la Garenne<\/span><br\/><\/div><div class=\"wpsl-contact-details\"><\/div><div class=\"wpsl-location-directions\"><p><a  target=\"_blank\" href=\"https:\/\/maps.google.com\/maps?saddr=&#038;daddr=Bois+de+la+Garenne%2CSotteville+les+Rouen%2CFrance&#038;travelmode=driving\">Itin\u00e9raire<\/a><\/p><\/div><\/div>\n<hr \/>\n<h3>Toilettes<\/h3>\n<div class=\"wpsl-locations-details\"><span><strong>Toilettes Bois de la Garenne Haut<\/strong><\/span><div class=\"wpsl-location-address\"><span>Bois de la Garenne<\/span><br\/><\/div><div class=\"wpsl-contact-details\"><\/div><div class=\"wpsl-location-directions\"><p><a  target=\"_blank\" href=\"https:\/\/maps.google.com\/maps?saddr=&#038;daddr=Bois+de+la+Garenne%2CSotteville+les+Rouen%2CFrance&#038;travelmode=driving\">Itin\u00e9raire<\/a><\/p><\/div><\/div>\n<div class=\"wpsl-locations-details\"><span><strong>Toilettes Bois de la Garenne Centre<\/strong><\/span><div class=\"wpsl-location-address\"><span>Bois de la Garenne<\/span><br\/><\/div><div class=\"wpsl-contact-details\"><\/div><div class=\"wpsl-location-directions\"><p><a  target=\"_blank\" href=\"https:\/\/maps.google.com\/maps?saddr=&#038;daddr=Bois+de+la+Garenne%2CSotteville+les+Rouen%2CFrance&#038;travelmode=driving\">Itin\u00e9raire<\/a><\/p><\/div><\/div>\n<div class=\"wpsl-locations-details\"><span><strong>Toilettes Bois de la Garenne Espace enfants<\/strong><\/span><div class=\"wpsl-location-address\"><span>Bois de la Garenne<\/span><br\/><\/div><div class=\"wpsl-contact-details\"><\/div><div class=\"wpsl-location-directions\"><p><a  target=\"_blank\" href=\"https:\/\/maps.google.com\/maps?saddr=&#038;daddr=Bois+de+la+Garenne%2CSotteville+les+Rouen%2CFrance&#038;travelmode=driving\">Itin\u00e9raire<\/a><\/p><\/div><\/div>\n<div class=\"wpsl-locations-details\"><span><strong>Toilettes Bois de la Garenne Bas<\/strong><\/span><div class=\"wpsl-location-address\"><span>Bois de la Garenne<\/span><br\/><\/div><div class=\"wpsl-contact-details\"><\/div><div class=\"wpsl-location-directions\"><p><a  target=\"_blank\" href=\"https:\/\/maps.google.com\/maps?saddr=&#038;daddr=Bois+de+la+Garenne%2CSotteville+les+Rouen%2CFrance&#038;travelmode=driving\">Itin\u00e9raire<\/a><\/p><\/div><\/div>\n<div class=\"wpsl-locations-details\"><span><strong>Toilettes Bois de la Garenne Mairie<\/strong><\/span><div class=\"wpsl-location-address\"><span>Bois de la Garenne<\/span><br\/><\/div><div class=\"wpsl-contact-details\"><\/div><div class=\"wpsl-location-directions\"><p><a  target=\"_blank\" href=\"https:\/\/maps.google.com\/maps?saddr=&#038;daddr=Bois+de+la+Garenne%2CSotteville+les+Rouen%2CFrance&#038;travelmode=driving\">Itin\u00e9raire<\/a><\/p><\/div><\/div>\n<div class=\"wpsl-locations-details\"><span><strong>Toilettes Centre Hospitalier du Bois Petit<\/strong><\/span><div class=\"wpsl-location-address\"><span>Avenue Jean Jaur\u00e8s<\/span><br\/><\/div><div class=\"wpsl-contact-details\"><\/div><div class=\"wpsl-location-directions\"><p><a  target=\"_blank\" href=\"https:\/\/maps.google.com\/maps?saddr=&#038;daddr=Avenue+Jean+Jaur%C3%A8s%2CSotteville+les+Rouen%2CFrance&#038;travelmode=driving\">Itin\u00e9raire<\/a><\/p><\/div><\/div>\n<div class=\"wpsl-locations-details\"><span><strong>Toilettes Lyc\u00e9e Marcel Sembat<\/strong><\/span><div class=\"wpsl-location-address\"><span>lyc\u00e9e Marcel Sembat, rue L\u00e9on Salva<\/span><br\/><\/div><div class=\"wpsl-contact-details\"><\/div><div class=\"wpsl-location-directions\"><p><a  target=\"_blank\" href=\"https:\/\/maps.google.com\/maps?saddr=&#038;daddr=lyc%C3%A9e+Marcel+Sembat%2C+rue+L%C3%A9on+Salva%2CSotteville+les+Rouen%2CFrance&#038;travelmode=driving\">Itin\u00e9raire<\/a><\/p><\/div><\/div>\n<div class=\"wpsl-locations-details\"><span><strong>Toilettes Espace Marcel Lods<\/strong><\/span><div class=\"wpsl-location-address\"><span>Espace Marcel Lods<\/span><br\/><\/div><div class=\"wpsl-contact-details\"><\/div><div class=\"wpsl-location-directions\"><p><a  target=\"_blank\" href=\"https:\/\/maps.google.com\/maps?saddr=&#038;daddr=Espace+Marcel+Lods%2CSotteville+les+Rouen%2CFrance&#038;travelmode=driving\">Itin\u00e9raire<\/a><\/p><\/div><\/div>\n<div class=\"wpsl-locations-details\"><span><strong>Toilettes Raspail \/ Garibaldi<\/strong><\/span><div class=\"wpsl-location-address\"><span>Angle des rues Rapsail et garibaldi<\/span><br\/><\/div><div class=\"wpsl-contact-details\"><\/div><div class=\"wpsl-location-directions\"><p><a  target=\"_blank\" href=\"https:\/\/maps.google.com\/maps?saddr=&#038;daddr=Angle+des+rues+Rapsail+et+garibaldi%2CSotteville+les+Rouen%2CFrance&#038;travelmode=driving\">Itin\u00e9raire<\/a><\/p><\/div><\/div>\n<div class=\"wpsl-locations-details\"><span><strong>Toilettes R\u00e9sidence Delalandre<\/strong><\/span><div class=\"wpsl-location-address\"><span>Pierre Mend\u00e8s France<\/span><br\/><\/div><div class=\"wpsl-contact-details\"><\/div><div class=\"wpsl-location-directions\"><p><a  target=\"_blank\" href=\"https:\/\/maps.google.com\/maps?saddr=&#038;daddr=Pierre+Mend%C3%A8s+France%2CSotteville+les+Rouen%2CFrance&#038;travelmode=driving\">Itin\u00e9raire<\/a><\/p><\/div><\/div>\n<div class=\"wpsl-locations-details\"><span><strong>Toilettes Atelier 231<\/strong><\/span><div class=\"wpsl-location-address\"><span>Atelier 231, rue Vincent Auriol<\/span><br\/><\/div><div class=\"wpsl-contact-details\"><\/div><div class=\"wpsl-location-directions\"><p><a  target=\"_blank\" href=\"https:\/\/maps.google.com\/maps?saddr=&#038;daddr=Atelier+231%2C+rue+Vincent+Auriol%2CSotteville+les+Rouen%2CFrance&#038;travelmode=driving\">Itin\u00e9raire<\/a><\/p><\/div><\/div>\n<hr \/>\n<h3>Poste de secours<\/h3>\n<div class=\"wpsl-locations-details\"><span><strong>Poste de secours Bois de la Garenne<\/strong><\/span><div class=\"wpsl-location-address\"><span>Bois de la Garenne<\/span><br\/><\/div><div class=\"wpsl-contact-details\"><\/div><div class=\"wpsl-location-directions\"><p><a  target=\"_blank\" href=\"https:\/\/maps.google.com\/maps?saddr=&#038;daddr=Bois+de+la+Garenne%2CSotteville+les+Rouen%2CFrance&#038;travelmode=driving\">Itin\u00e9raire<\/a><\/p><\/div><\/div>\n<hr \/>\n<h3>Parcs \u00e0 v\u00e9los publics<\/h3>\n<p><em>(non surveill\u00e9s)<\/em><\/p>\n<div class=\"wpsl-locations-details\"><span><strong>Parking v\u00e9lo ND<\/strong><\/span><div class=\"wpsl-location-address\"><span>Eglise notre dame de l&#039;assomption<\/span><br\/><\/div><div class=\"wpsl-contact-details\"><\/div><div class=\"wpsl-location-directions\"><p><a  target=\"_blank\" href=\"https:\/\/maps.google.com\/maps?saddr=&#038;daddr=Eglise+notre+dame+de+l%27assomption%2CSotteville-l%C3%A8s-Rouen%2CFrance&#038;travelmode=driving\">Itin\u00e9raire<\/a><\/p><\/div><\/div>\n<div class=\"wpsl-locations-details\"><span><strong>Parc v\u00e9los Atelier 231<\/strong><\/span><div class=\"wpsl-location-address\"><span>Atelier 231, rue Vincent Auriol<\/span><br\/><\/div><div class=\"wpsl-contact-details\"><\/div><div class=\"wpsl-location-directions\"><p><a  target=\"_blank\" href=\"https:\/\/maps.google.com\/maps?saddr=&#038;daddr=Atelier+231%2C+rue+Vincent+Auriol%2CSotteville+les+Rouen%2CFrance&#038;travelmode=driving\">Itin\u00e9raire<\/a><\/p><\/div><\/div>\n<div class=\"wpsl-locations-details\"><span><strong>Parc v\u00e9los Espace Lods<\/strong><\/span><div class=\"wpsl-location-address\"><span>Espace Marcel Lods<\/span><br\/><\/div><div class=\"wpsl-contact-details\"><\/div><div class=\"wpsl-location-directions\"><p><a  target=\"_blank\" href=\"https:\/\/maps.google.com\/maps?saddr=&#038;daddr=Espace+Marcel+Lods%2CSotteville+les+Rouen%2CFrance&#038;travelmode=driving\">Itin\u00e9raire<\/a><\/p><\/div><\/div>\n<div class=\"wpsl-locations-details\"><span><strong>Parc v\u00e9los Lyc\u00e9e Sembat<\/strong><\/span><div class=\"wpsl-location-address\"><span>lyc\u00e9e Marcel Sembat, rue L\u00e9on Salva<\/span><br\/><\/div><div class=\"wpsl-contact-details\"><\/div><div class=\"wpsl-location-directions\"><p><a  target=\"_blank\" href=\"https:\/\/maps.google.com\/maps?saddr=&#038;daddr=lyc%C3%A9e+Marcel+Sembat%2C+rue+L%C3%A9on+Salva%2CSotteville+les+Rouen%2CFrance&#038;travelmode=driving\">Itin\u00e9raire<\/a><\/p><\/div><\/div>\n<div class=\"wpsl-locations-details\"><span><strong>Parc v\u00e9los Bois de la Garenne<\/strong><\/span><div class=\"wpsl-location-address\"><span>Bois de la Garenne<\/span><br\/><\/div><div class=\"wpsl-contact-details\"><\/div><div class=\"wpsl-location-directions\"><p><a  target=\"_blank\" href=\"https:\/\/maps.google.com\/maps?saddr=&#038;daddr=Bois+de+la+Garenne%2CSotteville+les+Rouen%2CFrance&#038;travelmode=driving\">Itin\u00e9raire<\/a><\/p><\/div><\/div>\n<div class=\"wpsl-locations-details\"><span><strong>Parc v\u00e9los H\u00f4tel de ville<\/strong><\/span><div class=\"wpsl-location-address\"><span>Place de l&#039;h\u00f4tel de Ville<\/span><br\/><\/div><div class=\"wpsl-contact-details\"><\/div><div class=\"wpsl-location-directions\"><p><a  target=\"_blank\" href=\"https:\/\/maps.google.com\/maps?saddr=&#038;daddr=Place+de+l%27h%C3%B4tel+de+Ville%2CSotteville+les+Rouen%2CFrance&#038;travelmode=driving\">Itin\u00e9raire<\/a><\/p><\/div><\/div>\n","protected":false},"excerpt":{"rendered":"<p>Point Informations \/ accueil du public Parking handicap\u00e9s Toilettes Poste de secours Parcs \u00e0 v\u00e9los publics (non surveill\u00e9s)<\/p>\n","protected":false},"author":1,"featured_media":0,"parent":0,"menu_order":0,"comment_status":"closed","ping_status":"closed","template":"","meta":[],"_links":{"self":[{"href":"https:\/\/vivacite.services.mairie-sotteville-les-rouen.fr\/index.php?rest_route=\/wp\/v2\/pages\/371"}],"collection":[{"href":"https:\/\/vivacite.services.mairie-sotteville-les-rouen.fr\/index.php?rest_route=\/wp\/v2\/pages"}],"about":[{"href":"https:\/\/vivacite.services.mairie-sotteville-les-rouen.fr\/index.php?rest_route=\/wp\/v2\/types\/page"}],"author":[{"embeddable":true,"href":"https:\/\/vivacite.services.mairie-sotteville-les-rouen.fr\/index.php?rest_route=\/wp\/v2\/users\/1"}],"replies":[{"embeddable":true,"href":"https:\/\/vivacite.services.mairie-sotteville-les-rouen.fr\/index.php?rest_route=%2Fwp%2Fv2%2Fcomments&post=371"}],"version-history":[{"count":21,"href":"https:\/\/vivacite.services.mairie-sotteville-les-rouen.fr\/index.php?rest_route=\/wp\/v2\/pages\/371\/revisions"}],"predecessor-version":[{"id":676,"href":"https:\/\/vivacite.services.mairie-sotteville-les-rouen.fr\/index.php?rest_route=\/wp\/v2\/pages\/371\/revisions\/676"}],"wp:attachment":[{"href":"https:\/\/vivacite.services.mairie-sotteville-les-rouen.fr\/index.php?rest_route=%2Fwp%2Fv2%2Fmedia&parent=371"}],"curies":[{"name":"wp","href":"https:\/\/api.w.org\/{rel}","templated":true}]}}