{"id":366,"date":"2018-06-08T17:48:30","date_gmt":"2018-06-08T15:48:30","guid":{"rendered":"http:\/\/vivacite.services.mairie-sotteville-les-rouen.fr\/?page_id=366"},"modified":"2018-06-08T18:24:53","modified_gmt":"2018-06-08T16:24:53","slug":"conseils","status":"publish","type":"page","link":"https:\/\/vivacite.services.mairie-sotteville-les-rouen.fr\/?page_id=366","title":{"rendered":"CONSEILS"},"content":{"rendered":"<h4>Quelques conseils pour partager sereinement notre Viva Cit\u00e9 \u00e0 nous :<\/h4>\n<ul>\n<li>Dans l\u2019espace r\u00e9serv\u00e9 au public, respectons les 3 niveaux d\u2019assises : devant on s\u2019assoit sur le sol, juste derri\u00e8re sur les bancs, chaises ou gradins (le cas \u00e9ch\u00e9ant) et enfin au dernier niveau, on reste debout.<\/li>\n<li>Les petits seront install\u00e9s devant les plus grands ! Quant aux assises, elles sont r\u00e9serv\u00e9es en priorit\u00e9 aux personnes \u00e0 mobilit\u00e9 r\u00e9duite, aux femmes enceintes et aux seniors.<\/li>\n<li>Bienvenue aux familles avec jeunes enfants mais les poussettes n\u2019assistent pas aux spectacles. Merci de les stationner en dehors de la zone r\u00e9serv\u00e9e au public.<\/li>\n<li>Nos amis les t\u00e9l\u00e9phones portables sont invit\u00e9s \u00e0 se taire !<\/li>\n<\/ul>\n<h4>Quelques conseils pour profiter sereinement de mon Viva Cit\u00e9 \u00e0 moi :<\/h4>\n<ul>\n<li>Pour s\u00e9lectionner les spectacles en fonction de crit\u00e8res d\u2019accessibilit\u00e9\/genre, utilisez les options de tri en bas de la page d&rsquo;<a href=\"http:\/\/vivacite.services.mairie-sotteville-les-rouen.fr\/\">accueil de l&rsquo;application<\/a><\/li>\n<li>Pour assister \u00e0 des spectacles plus intimes, n\u2019h\u00e9sitez pas \u00e0 vous \u00e9loigner du bois de la Garenne.<\/li>\n<li>Si le spectacle choisi se joue dans le bois de la Garenne, arrivez 15 \u00e0 30 mn avant.<\/li>\n<li>Venez vous ressourcer \u00e0 l\u2019Atelier 231, vendredi, samedi et dimanche ou encore \u00e0 la biblioth\u00e8que municipale, le samedi jusqu\u2019\u00e0 17h30.<\/li>\n<li>Rendez-vous sur l&rsquo;onglet <a href=\"http:\/\/vivacite.services.mairie-sotteville-les-rouen.fr\/?page_id=371\">Pratique<\/a> pour retrouver les informations relatives \u00e0 l\u2019accessibilit\u00e9 (sanitaires, parking\u2026)<\/li>\n<\/ul>\n<h4>Dans le cadre du dispositif \u00ab Vigipirate renforc\u00e9 \u00bb :<\/h4>\n<ul>\n<li>Merci de bien vouloir respecter imp\u00e9rativement les arr\u00eat\u00e9s de circulation et de stationnement affich\u00e9s sur la voie publique.<\/li>\n<li>Les bagages de plus de 50 x 55 cm sont interdits sur le p\u00e9rim\u00e8tre du festival.<\/li>\n<\/ul>\n","protected":false},"excerpt":{"rendered":"<p>Quelques conseils pour partager sereinement notre Viva Cit\u00e9 \u00e0 nous : Dans l\u2019espace r\u00e9serv\u00e9 au public, respectons les 3 niveaux d\u2019assises : devant on s\u2019assoit sur le sol, juste derri\u00e8re sur les bancs, chaises ou gradins (le cas \u00e9ch\u00e9ant) et enfin au dernier niveau, on reste debout. Les petits seront install\u00e9s devant les plus grands [&hellip;]<\/p>\n","protected":false},"author":1,"featured_media":0,"parent":0,"menu_order":0,"comment_status":"closed","ping_status":"closed","template":"","meta":[],"_links":{"self":[{"href":"https:\/\/vivacite.services.mairie-sotteville-les-rouen.fr\/index.php?rest_route=\/wp\/v2\/pages\/366"}],"collection":[{"href":"https:\/\/vivacite.services.mairie-sotteville-les-rouen.fr\/index.php?rest_route=\/wp\/v2\/pages"}],"about":[{"href":"https:\/\/vivacite.services.mairie-sotteville-les-rouen.fr\/index.php?rest_route=\/wp\/v2\/types\/page"}],"author":[{"embeddable":true,"href":"https:\/\/vivacite.services.mairie-sotteville-les-rouen.fr\/index.php?rest_route=\/wp\/v2\/users\/1"}],"replies":[{"embeddable":true,"href":"https:\/\/vivacite.services.mairie-sotteville-les-rouen.fr\/index.php?rest_route=%2Fwp%2Fv2%2Fcomments&post=366"}],"version-history":[{"count":5,"href":"https:\/\/vivacite.services.mairie-sotteville-les-rouen.fr\/index.php?rest_route=\/wp\/v2\/pages\/366\/revisions"}],"predecessor-version":[{"id":419,"href":"https:\/\/vivacite.services.mairie-sotteville-les-rouen.fr\/index.php?rest_route=\/wp\/v2\/pages\/366\/revisions\/419"}],"wp:attachment":[{"href":"https:\/\/vivacite.services.mairie-sotteville-les-rouen.fr\/index.php?rest_route=%2Fwp%2Fv2%2Fmedia&parent=366"}],"curies":[{"name":"wp","href":"https:\/\/api.w.org\/{rel}","templated":true}]}}